{"id":9,"date":"2025-10-24T11:31:22","date_gmt":"2025-10-24T11:31:22","guid":{"rendered":"https:\/\/surfas-project.eu\/?page_id=9"},"modified":"2025-10-24T12:21:56","modified_gmt":"2025-10-24T12:21:56","slug":"9-2","status":"publish","type":"page","link":"https:\/\/surfas-project.eu\/da\/","title":{"rendered":""},"content":{"rendered":"<h1 class=\"wp-block-heading\">Chicken Road Casino: Vi fort\u00e6ller dig alt om det sk\u00f8re kyllingespil!<\/h1>\n\n\n\n<p><strong>For dem, der har travlt:<\/strong>&nbsp;Lad mig opsummere dyret for dig. Chicken Road er det nyeste fra Inout Games. Forestil dig en kamikaze-kylling i en fangek\u00e6lder, styret af dig. Konceptet er enkelt, men adrenalinen er p\u00e5 sit h\u00f8jeste. Med en&nbsp;<strong>RTP p\u00e5 98 % (et meget tilfredsstillende tal!) og Provably Fair-teknologi<\/strong>&nbsp;som forhindrer enhver form for snyd, er dette en seri\u00f8s sag. Ja, det er ultra-volatilt, men det kan spytte op til \u20ac20.000 ud. Mit r\u00e5d til dig som spiller: Hold hovedet koldt, og spil kun p\u00e5 kasinoer, der er veletablerede (MGA-licenser, UKGC og den slags).<\/p>\n\n\n\n<p>Er du tr\u00e6t af de samme gamle spilleautomater og endel\u00f8se pokerregler? S\u00e5 lad mig fort\u00e6lle dig om en lille guldklump, der virkelig s\u00e6tter skub i tingene:&nbsp;<strong>Chicken Road Casino<\/strong>. Konceptet er dj\u00e6velsk enkelt: Du har en kylling, en sti fyldt med f\u00e6lder og dit mod. Din mission? F\u00e5 den s\u00e5 langt som muligt, uden at den ender som en nugget. Hvert succesfuldt skridt betyder, at multiplikatoren stiger. Et forkert skridt, og spillet er slut - din indsats g\u00e5r op i r\u00f8g. Det er det, vi kalder et cash-out-spil, en ren koncentration af sp\u00e6nding, hvor sp\u00f8rgsm\u00e5let altid er det samme: Skal jeg indkassere nu, eller skal jeg tage det n\u00e6ste skud?<\/p>\n\n\n\n<p>Med en RTP p\u00e5 98 % og Provably Fair-teknologi (det vender vi tilbage til senere, men det er i bund og grund en anti-scam-garanti) er dette spil et frisk pust. Uanset om du er en lille spiller, der vil \u00f8ve dig i demo-tilstand, eller en galning, der er klar til at g\u00e5 efter jackpotten i Hardcore-tilstand, vil du blive begejstret. Velkommen til arenaen!<\/p>\n\n\n\n<h1 class=\"wp-block-heading\">Test Chicken Road med online-demoen!<\/h1>\n\n\n\n<iframe \n    src=\"https:\/\/api.inout.games\/api\/launch?gameMode=chicken-road&#038;authToken=b9ad28ba-317a-00e8-1170-0ead4568c44a&#038;operatorId=ee2013ed-e1f0-4d6e-97d2-f36619e2eb52&#038;currency=USD&#038;lang=en\" \n    width=\"100%\" \n    height=\"800\" \n    style=\"border:none; border-radius:12px; overflow:hidden;\" \n    allowfullscreen\n loading=\"lazy\">\n<\/iframe>\n\n\n\n\n<ol class=\"wp-block-list\">\n<li><a href=\"https:\/\/surfas-project.eu\/da\/?page_id=9#qu-est-ce-que-le-jeu-chicken-road-casino\">Chicken Road: Hvad er det for noget med en kylling?<\/a><\/li>\n\n\n\n<li><a href=\"https:\/\/surfas-project.eu\/da\/?page_id=9#comment-jouer-a-chicken-road-les-regles-et-fonctionnalites\">Hvordan spiller man, og (endnu vigtigere) hvordan vinder man?<\/a><\/li>\n\n\n\n<li><a href=\"https:\/\/surfas-project.eu\/da\/?page_id=9#chicken-road-fiable\">Chicken Road: Kan vi virkelig stole p\u00e5 det?<\/a><\/li>\n\n\n\n<li><a href=\"https:\/\/surfas-project.eu\/da\/?page_id=9#strategies-et-astuces-pour-jouer-a-chicken-road\">Mine strategier for at undg\u00e5 fjerene<\/a><\/li>\n\n\n\n<li><a href=\"https:\/\/surfas-project.eu\/da\/?page_id=9#les-differentes-versions-du-jeu-ne-tombez-pas-dans-le-piege\">De faldgruber, du skal undg\u00e5: de sande og de falske Chicken Road<\/a><\/li>\n\n\n\n<li><a href=\"https:\/\/surfas-project.eu\/da\/?page_id=9#notre-avis-final-sur-chicken-road-casino\">Min spillers dom over Chicken Road<\/a><\/li>\n<\/ol>\n\n\n\n<h2 class=\"wp-block-heading\" id=\"qu-est-ce-que-le-jeu-chicken-road-casino\">Chicken Road: Hvad er det for noget med en kylling?<\/h2>\n\n\n\n<h3 class=\"wp-block-heading\" id=\"le-concept-guider-un-poulet-pour-multiplier-ses-gains\">Konceptet: en kylling, flammer og din nerve<\/h3>\n\n\n\n<p>Glem alt om hjul og kort. Her er din helt en kylling. Spillet, der udkom i april 2024 af de sm\u00e5 genier hos Inout Games, giver dig kommandoen over denne frygtl\u00f8se fugl. M\u00e5let er enkelt: kryds en sti af 2D-firkanter. For hver \"sikker\" firkant stiger din multiplikator. Hvad er problemet? Nogle firkanter gemmer p\u00e5 flammer. Hvis din kylling s\u00e6tter en pote p\u00e5 den,&nbsp;<strong>Den er ristet, og det er din andel ogs\u00e5!<\/strong><\/p>\n\n\n\n<p>Det er hele pointen med spillet, i dette permanente dilemma: Skal jeg tage mine gevinster nu (den ber\u00f8mte cash-out), eller skal jeg friste dj\u00e6velen til at g\u00e5 efter en vanvittig multiplikator? Med 4 sv\u00e6rhedsgrader er der noget for enhver smag. I 'Easy'-tilstanden er det en afslappet spadseretur med regelm\u00e6ssige sm\u00e5 gevinster. I 'Hardcore' er det et helvede, men et godt l\u00f8b kan f\u00f8re dig til stjernerne (multiplikatoren kan n\u00e5 teoretiske h\u00f8jder p\u00e5 x3,3 millioner!). Heldigvis er der en demo-tilstand, s\u00e5 du kan varme op uden at br\u00e6nde et hul i din tegnebog.<\/p>\n\n\n\n<h3 class=\"wp-block-heading\" id=\"un-jeu-de-hasard-avant-tout\">Et spil med ren, gennemsigtig chance!<\/h3>\n\n\n\n<p>Tag ikke fejl: Selv om du f\u00f8ler, at du har styr p\u00e5 noget, er Chicken Road et tilf\u00e6ldighedernes spil. Det er lykken, der afg\u00f8r, om det n\u00e6ste felt er en f\u00e6lde. Men den gode nyhed er, at det er en \u00e6rlig chance. Spillet k\u00f8rer p\u00e5 en&nbsp;<strong>Beviseligt retf\u00e6rdig algoritme (SHA-256)<\/strong>. For at sige det lige ud, s\u00e5 er det baseret p\u00e5 blockchain, og det er umuligt at manipulere, hverken af kasinoet eller af en spiller. Det er dig, kyllingen og oddsene. Punktum.<\/p>\n\n\n\n<p>Du kan satse fra 0,01 \u20ac (for sjov) til 200 \u20ac (for store hjerter). RTP'en p\u00e5 98 % er fremragende, men pas p\u00e5&nbsp;<strong>h\u00f8j volatilitet<\/strong>. Det betyder, at spillet ikke betaler sig s\u00e6rlig ofte, men n\u00e5r det g\u00f8r, kan det virkelig g\u00f8re ondt (p\u00e5 en god m\u00e5de). Hvorfor elsker vi det? Fordi det er et \u00f8jeblikkeligt adrenalinsus. Det er enkelt, hurtigt, og sp\u00e6ndingen er p\u00e5 sit h\u00f8jeste for hvert klik. Men husk den gyldne regel i kasinoet: Du spiller kun for de penge, du er parat til at tabe, mens du har det sjovt.<\/p>\n\n\n\n<h2 class=\"wp-block-heading\" id=\"comment-jouer-a-chicken-road-les-regles-et-fonctionnalites\">Hvordan spiller man, og (endnu vigtigere) hvordan vinder man?<\/h2>\n\n\n\n<p>Man beh\u00f8ver ikke en ph.d. for at spille Chicken Road. Spillet er instinktivt, og det er det, der er godt ved det. Gr\u00e6nsefladen er klar, inspireret af gamle arkadespil, og det k\u00f8rer p\u00e5 enhver smartphone uden at installere noget. Vi er her for at spille, ikke for at h\u00e6nge os i det tekniske!<\/p>\n\n\n<div class=\"wp-block-image\">\n<figure class=\"aligncenter size-large\"><img loading=\"lazy\" decoding=\"async\" width=\"1024\" height=\"632\" src=\"https:\/\/surfas-project.eu\/wp-content\/uploads\/2025\/10\/chicken-roadeu-1024x632.jpg\" alt=\"\" class=\"wp-image-32\" srcset=\"https:\/\/surfas-project.eu\/wp-content\/uploads\/2025\/10\/chicken-roadeu-1024x632.jpg 1024w, https:\/\/surfas-project.eu\/wp-content\/uploads\/2025\/10\/chicken-roadeu-300x185.jpg 300w, https:\/\/surfas-project.eu\/wp-content\/uploads\/2025\/10\/chicken-roadeu-768x474.jpg 768w, https:\/\/surfas-project.eu\/wp-content\/uploads\/2025\/10\/chicken-roadeu-18x12.jpg 18w, https:\/\/surfas-project.eu\/wp-content\/uploads\/2025\/10\/chicken-roadeu.jpg 1176w\" sizes=\"auto, (max-width: 1024px) 100vw, 1024px\" \/><\/figure>\n<\/div>\n\n\n<h3 class=\"wp-block-heading\" id=\"les-etapes-d-une-partie\">Hvordan et spil udfolder sig, trin for trin<\/h3>\n\n\n\n<ol class=\"wp-block-list\">\n<li><strong>Placer din indsats:<\/strong>\u00a0V\u00e6lg, hvor meget du er parat til at risikere, fra nogle f\u00e5 cent til 200 euro.\u00a0<strong>V\u00e6r smart, og tilpas din indsats til din bankroll!<\/strong><\/li>\n\n\n\n<li><strong>V\u00e6lg din gift:<\/strong>\u00a0V\u00e6lg din sv\u00e6rhedsgrad. Easy til at starte med, Hardcore, hvis du f\u00f8ler dig som en kriger.<\/li>\n\n\n\n<li><strong>Start maskinen:<\/strong>\u00a0Klik p\u00e5 \"Start\". Kyllingen st\u00e5r p\u00e5 startlinjen. Det er nu, dit hjerte begynder at banke.<\/li>\n\n\n\n<li><strong>Sandhedens \u00f8jeblik :<\/strong>\u00a0For hvert succesfuldt trin har du to valg. Knappen \"Udbetaling\", der skriger \"Sikr din gevinst, idiot!\", eller fristelsen til at forts\u00e6tte og f\u00e5 t\u00e6lleren til at eksplodere.\u00a0<strong>Det er op til dig at beslutte, og det er det, der g\u00f8r spillet s\u00e5 sp\u00e6ndende.<\/strong><\/li>\n\n\n\n<li><strong>Det er knald eller fald:<\/strong>\u00a0Hvis kyllingen falder p\u00e5 en flamme, er det et koldt brusebad. Du taber v\u00e6ddem\u00e5let og st\u00e5r tilbage med t\u00e5rer i \u00f8jnene. S\u00e5dan er spillet, stakkels Lucette!<\/li>\n<\/ol>\n\n\n\n<h3 class=\"wp-block-heading\" id=\"les-niveaux-de-difficulte-a-chaque-joueur-sa-strategie\">Sv\u00e6rhedsgrad: Fort\u00e6l mig, hvem du er, s\u00e5 fort\u00e6ller jeg dig, hvordan du skal spille.<\/h3>\n\n\n\n<figure class=\"wp-block-table\"><table class=\"has-fixed-layout\"><tbody><tr><th>Sv\u00e6rhedsgrad<\/th><th>Antal f\u00e6lder<\/th><th>Indtjeningspotentiale<\/th><th>For hvilken spiller?<\/th><\/tr><tr><td>Let<\/td><td>1 f\u00e6lde ud af 25<\/td><td>Sm\u00e5 regelm\u00e6ssige gevinster (op til 24,5 gange)<\/td><td>Den forsigtige, begynderen, den, der vil holde ud.<\/td><\/tr><tr><td>Medium<\/td><td>3 f\u00e6lder ud af 25<\/td><td>God balance mellem risiko og bel\u00f8nning<\/td><td>Den afbalancerede spiller, der kan lide lidt krydderi.<\/td><\/tr><tr><td>Vanskeligt<\/td><td>5 f\u00e6lder ud af 25<\/td><td>Stor fremgang, men det bliver varmt!<\/td><td>En erfaren spiller, der ikke er bange for en udfordring.<\/td><\/tr><tr><td>Hardcore<\/td><td>10 f\u00e6lder ud af 25<\/td><td>Jackpotten eller ingenting!<\/td><td>Jackpotj\u00e6geren, \"degen\", der satser 10 centimes for at dr\u00f8mme.<\/td><\/tr><\/tbody><\/table><\/figure>\n\n\n<div class=\"wp-block-image\">\n<figure class=\"aligncenter size-full\"><img loading=\"lazy\" decoding=\"async\" width=\"552\" height=\"127\" src=\"https:\/\/surfas-project.eu\/wp-content\/uploads\/2025\/10\/chickenroadgames.jpg\" alt=\"\" class=\"wp-image-28\" srcset=\"https:\/\/surfas-project.eu\/wp-content\/uploads\/2025\/10\/chickenroadgames.jpg 552w, https:\/\/surfas-project.eu\/wp-content\/uploads\/2025\/10\/chickenroadgames-300x69.jpg 300w, https:\/\/surfas-project.eu\/wp-content\/uploads\/2025\/10\/chickenroadgames-18x4.jpg 18w\" sizes=\"auto, (max-width: 552px) 100vw, 552px\" \/><\/figure>\n<\/div>\n\n\n<p>Din spillestil dikterer alt. Vil du opbygge din bankroll langsomt? Hold dig til Easy. Vil du have det ultimative adrenalinkick ved at satse en \u20ac1-m\u00f8nt for at pr\u00f8ve at f\u00e5 m\u00e5nen? S\u00e5 er Hardcore mode noget for dig.<\/p>\n\n\n\n<h3 class=\"wp-block-heading\" id=\"mises-rtp-et-gain-maximum\">De tal, der t\u00e6ller: indsats, RTP og jackpot<\/h3>\n\n\n<div class=\"wp-block-image\">\n<figure class=\"alignleft size-full\"><img loading=\"lazy\" decoding=\"async\" width=\"242\" height=\"108\" src=\"https:\/\/surfas-project.eu\/wp-content\/uploads\/2025\/10\/chicken-road-bet.jpg\" alt=\"\" class=\"wp-image-30\" srcset=\"https:\/\/surfas-project.eu\/wp-content\/uploads\/2025\/10\/chicken-road-bet.jpg 242w, https:\/\/surfas-project.eu\/wp-content\/uploads\/2025\/10\/chicken-road-bet-18x8.jpg 18w\" sizes=\"auto, (max-width: 242px) 100vw, 242px\" \/><\/figure>\n<\/div>\n\n\n<p>Som vi sagde, g\u00e5r indsatserne fra 0,01 \u20ac til 200 \u20ac. Bes\u00f8g&nbsp;<strong>RTP de 98 %<\/strong>&nbsp;er en af de bedste p\u00e5 markedet. Det betyder, at spillet p\u00e5 meget lang sigt er programmeret til at returnere 98% af indsatserne til spillerne. Men v\u00e6r forsigtig&nbsp;<strong>h\u00f8j volatilitet<\/strong>&nbsp;\u00e6ndrer spillet: Du kan lave 50 tr\u00e6k uden at vinde noget, og s\u00e5 ramme x100 i det 51. tr\u00e6k. Det er det sp\u00e6ndende! Den maksimale gevinst er begr\u00e6nset til&nbsp;<strong>20 000 \u20ac<\/strong>. Dr\u00f8m ikke om en multiplikator p\u00e5 3,3 millioner med en indsats p\u00e5 200 euro, for casinoet har sine gr\u00e6nser. Det er afg\u00f8rende at styre sine penge (\"bankroll\"). G\u00e5 ikke all-in p\u00e5 et indfald!<\/p>\n\n\n\n<h2 class=\"wp-block-heading\" id=\"chicken-road-fiable\">Chicken Road: Kan vi virkelig stole p\u00e5 det?<\/h2>\n\n\n\n<h3 class=\"wp-block-heading\" id=\"provably-fair\">Provably Fair\"-teknologi: en bodyguard mod snyd<\/h3>\n\n\n\n<p>S\u00e5 det er det punkt, der beroliger gameren i mig. Provably Fair\"-teknologi er jargon for det faktum, at spillet er&nbsp;<strong>100% gennemsigtig<\/strong>. Allerede inden spillet starter, er resultatet (flammernes placering) bestemt af en kompleks, krypteret matematisk formel. Du, som spiller, leverer en del af ligningen. I slutningen af runden kan du ved hj\u00e6lp af de udleverede data kontrollere, at resultatet ikke er blevet \u00e6ndret undervejs. I en n\u00f8ddeskal:&nbsp;<strong>Kasinoet kan ikke beslutte at lade dig tabe, fordi du vinder.<\/strong>&nbsp;Det foreg\u00e5r i blockchainens digitale marmor. Det er \u00e6rligt, og det er alt, hvad vi beder om.<\/p>\n\n\n\n<h3 class=\"wp-block-heading\" id=\"casinos-officiels\">Den afg\u00f8rende betydning af at spille p\u00e5 det rigtige sted<\/h3>\n\n\n\n<p>Et godt spil p\u00e5 et tvivlsomt casino er stadig en d\u00e5rlig oplevelse. For at spille Chicken Road sikkert er det vigtigt at v\u00e6lge et online casino, der er en officiel partner af Inout Games. Hvordan genkender du dem? De har&nbsp;<strong>Licenser til seri\u00f8se spil<\/strong>. Se efter disse logoer i bunden af kasinosiden:<\/p>\n\n\n\n<ul class=\"wp-block-list\">\n<li><strong>Maltas spillemyndighed (MGA) :<\/strong>\u00a0Det bedste af det bedste i Europa. Det er reguleringens sorte b\u00e6lte.<\/li>\n\n\n\n<li><strong>Den britiske spillekommission (UKGC):<\/strong>\u00a0Meget strengt, is\u00e6r for britiske spillere, men det er en garanti for seri\u00f8sitet.<\/li>\n\n\n\n<li><strong>Kahnawake Gaming Commission (KGC) :<\/strong>\u00a0En h\u00f8jt respekteret canadisk licens.<\/li>\n\n\n\n<li><strong>eGaming Cura\u00e7ao (EGC):<\/strong>\u00a0Meget almindeligt, men kr\u00e6ver lidt mere \u00e5rv\u00e5genhed fra din side om kasinoets omd\u00f8mme.<\/li>\n<\/ul>\n\n\n\n<p>N\u00e5r du spiller p\u00e5 en side med licens, garanterer du, at spillet ikke er en forfalsket kopi, at RTP'en p\u00e5 98 % overholdes, og frem for alt at du kan h\u00e6ve dine gevinster uden at skulle k\u00e6mpe i ugevis.<\/p>\n\n\n\n<h2 class=\"wp-block-heading\" id=\"strategies-et-astuces-pour-jouer-a-chicken-road\">Mine strategier for at undg\u00e5 fjerene<\/h2>\n\n\n\n<h3 class=\"wp-block-heading\" id=\"gerer-sa-bankroll-et-ses-emotions\">Regel nr. 1: Hold hovedet koldt<\/h3>\n\n\n\n<p>Jeg vil sige det ligeud: Chicken Road er designet til at lege med dine nerver. Fristelsen til at tage \"bare et skridt mere\" er enorm. Derfor er du n\u00f8dt til at v\u00e6re klogere end spillet. S\u00e6t dig en tabsgr\u00e6nse, f\u00f8r du starter, og hold dig til den. Hvis du n\u00e5r den, s\u00e5 luk computeren og f\u00e5 noget frisk luft. Dette er underholdning, ikke en m\u00e5de at blive hurtig rig p\u00e5.<\/p>\n\n\n\n<p>Spil ALDRIG for at \"indhente den tabte tid\". Det er den korteste vej til katastrofe. Den ber\u00f8mte \"tilt\" er spillerens svorne fjende. Hvis du f\u00f8ler, at senneppen kommer op i n\u00e6sen p\u00e5 dig, s\u00e5 stop alt.<\/p>\n\n\n\n<h3 class=\"wp-block-heading\" id=\"deux-approches-selon-votre-profil-de-risque\">Den forsigtige vs. jackpotj\u00e6geren<\/h3>\n\n\n\n<p>Der findes ingen magisk formel, men her er to tilgange, som har vist deres v\u00e6rd:<\/p>\n\n\n\n<ul class=\"wp-block-list\">\n<li><strong>Forsigtig strategi (\"sm\u00e5sparer\"-stil) :<\/strong>\u00a0Spil ind\u00a0<em>Let<\/em>. Sigt efter sm\u00e5 multiplikatorer, men indl\u00f8s dem ofte. Et udbetalingsm\u00e5l p\u00e5 mellem x1,50 og x2,00 er perfekt. Det er mindre sp\u00e6ndende, men det giver dig mulighed for at holde det sjove k\u00f8rende og opbygge din bankroll lidt efter lidt, hvis du er heldig.<\/li>\n\n\n\n<li><strong>Jackpot-strategi (\"lotteri\"-stil):<\/strong>\u00a0Afs\u00e6t en meget lille del af dit budget (maks. 5%) til denne t\u00e5belighed. Skift til\u00a0<em>Hardcore<\/em>Du skal bare satse minimum (0,01 eller 0,10 euro) og krydse fingre for dit livs l\u00f8b. Ideen her er ikke at vinde ofte, men at dr\u00f8mme om den store gevinst, der m\u00e5ske kommer din vej en gang om \u00e5ret. Det er udelukkende for sjov og adrenalin.<\/li>\n<\/ul>\n\n\n\n<h3 class=\"wp-block-heading\" id=\"profiter-du-mode-demo-pour-sentrainer\">Demotilstand: din bedste ven<\/h3>\n\n\n\n<p>F\u00f8r du risikerer en eneste krone, skal du bruge lidt tid p\u00e5 den gratis demo-tilstand. Det er ikke kun for at se, hvor flot spillet er. Det er for din egen skyld&nbsp;<strong>G\u00f8r dig fortrolig med rytme og sp\u00e6nding<\/strong>. Test de forskellige niveauer, og se, hvor sv\u00e6rt det er at n\u00e5 x10 i Hard mode. Tr\u00e6n din disciplin: S\u00e6t dig et udbetalingsm\u00e5l, og hold dig til det, selv med spillepenge. Det er den bedste tr\u00e6ning, du kan f\u00e5.<\/p>\n\n\n\n<h2 class=\"wp-block-heading\" id=\"les-differentes-versions-du-jeu-ne-tombez-pas-dans-le-piege\">De faldgruber, du skal undg\u00e5: de sande og de falske Chicken Road<\/h2>\n\n\n\n<h3 class=\"wp-block-heading\" id=\"chicken-road-par-inout-games-la-version-officielle-du-casino\">Den originale, den eneste, den rigtige: fra Inout Games<\/h3>\n\n\n\n<p>Det spil, vi har talt om fra starten, er Inout Games. Det er et&nbsp;<strong>online casino minispil<\/strong>designet til at blive spillet for rigtige penge (eller som en demo) p\u00e5 kasinosider. Det er den med Provably Fair-teknologi, en RTP p\u00e5 98 % og en maksimal udbetaling p\u00e5 \u20ac 20.000.<\/p>\n\n\n\n<h3 class=\"wp-block-heading\" id=\"attention-a-chicken-road-2-une-application-mobile-differente\">Bedrageren: \"Chicken Road 2\" i Google Play Store<\/h3>\n\n\n\n<p>Hvis du s\u00f8ger efter \"Chicken Road\" p\u00e5 din telefon, vil du sandsynligvis st\u00f8de p\u00e5 en applikation, der hedder \"Chicken Road 2 x 2.0 Win 2025\".&nbsp;<strong>PAS P\u00c5, DET HAR IKKE NOGET MED DET AT G\u00d8RE!<\/strong>&nbsp;Dette spil, som er udviklet af en vis 'Joker Game', er en Frogger-klon, hvor man skal krydse en vej. Det er fyldt med reklamer og vil ALDRIG give dig en krone i rigtige penge. Lad dig ikke narre af navnet, det er en bleg kopi, der rider p\u00e5 det rigtige spils popularitet.<\/p>\n\n\n\n<h2 class=\"wp-block-heading\" id=\"notre-avis-final-sur-chicken-road-casino\">Min spillers dom over Chicken Road<\/h2>\n\n\n\n<h3 class=\"wp-block-heading\" id=\"les-points-forts-du-jeu\">Hvad vi elskede<\/h3>\n\n\n\n<p>Helt \u00e6rligt, Chicken Road er et slag i ansigtet. Konceptet er genialt enkelt, og udf\u00f8relsen er perfekt. RTP p\u00e5 98 % og Provably Fair-teknologien er et stort YES for den forsigtige spiller i mig. Sp\u00e6ndingen er til at tage og f\u00f8le p\u00e5 for hvert klik, og de 4 sv\u00e6rhedsgrader betyder, at der er noget for enhver smag. Det er det perfekte spil til en hurtig session, et lille adrenalinskud mellem to spil poker eller blackjack. En rigtig favorit!<\/p>\n\n\n\n<h3 class=\"wp-block-heading\" id=\"les-points-a-garder-en-tete\">Hvad kan f\u00e5 dig til at tikke<\/h3>\n\n\n\n<p>Lad os v\u00e6re \u00e6rlige, dette er et rent tilf\u00e6ldighedsspil, og dets h\u00f8je volatilitet kan v\u00e6re frustrerende. Du kan tabe det ene spil efter det andet uden at forst\u00e5 noget som helst, og det er altid irriterende at se din indsats forsvinde med et klik p\u00e5 en knap. Du har brug for st\u00e6rke nerver og fremragende money management. Nogle spillere klager over fejl, men det h\u00e6nger ofte sammen med uofficielle og up\u00e5lidelige kasinoer. Endelig kan gameplayet, selvom det er vanedannende, blive repetitivt med tiden for dem, der leder efter komplekse funktioner. Det er et one-trick pony-spil, men det g\u00f8r sin magi forbandet godt.<\/p>\n\n\n\n<p><strong>For at opsummere:<\/strong>&nbsp;Chicken Road er en bombe for fans af sp\u00e6nding og cash-out-spil. Det kombinerer enkelhed, sp\u00e6nding og eksplosivt gevinstpotentiale. Det er det moderne casino: hurtigt, sjovt og gennemsigtigt. Men som med alt andet i kasinoet skal du spille intelligent, spille for sjov og vide, hvorn\u00e5r du skal stoppe.<\/p>\n\n\n\n<h2 class=\"wp-block-heading\">OFTE STILLEDE SP\u00d8RGSM\u00c5L: Kontante svar p\u00e5 de sp\u00f8rgsm\u00e5l, du har<\/h2>\n\n\n\n<h3 class=\"wp-block-heading\">Er Chicken Road \u00e6gte eller et fupnummer?<\/h3>\n\n\n\n<p><strong>Helt fair, men p\u00e5 \u00e9n betingelse:<\/strong>&nbsp;Spil p\u00e5 et onlinekasino med en seri\u00f8s licens (MGA, UKGC osv.). Selve spillet er beskyttet af Provably Fair-teknologi, som forhindrer snyd. Faren kommer ikke fra selve spillet, men fra de useri\u00f8se sider, der kan v\u00e6re v\u00e6rt for det.<\/p>\n\n\n\n<h3 class=\"wp-block-heading\">Er det her kyllingespil virkelig sjovt?<\/h3>\n\n\n\n<p>Hvis du kan lide, at dit hjerte banker, og at du spekulerer p\u00e5, om du skal sikre dig \u20ac10 eller risikere at tabe dem for at vinde \u20ac20, s\u00e5 ja,&nbsp;<strong>det er utroligt sjovt og vanedannende<\/strong>. Det er en ren dosis adrenalin. Hvis du leder efter et komplekst strategispil, skal du springe det over.<\/p>\n\n\n\n<h3 class=\"wp-block-heading\">Hvor kan jeg spille dette spil sikkert?<\/h3>\n\n\n\n<p>Kig efter de store onlinekasinoer, der samarbejder med Inout Games. Platforme som Betway, LeoVegas eller andre toprangerede kasinoer med MGA- eller UKGC-licenser er sikre spil. Det bedste af det hele,&nbsp;<strong>Forveksl den ikke med mobilappen \"Chicken Road 2\".<\/strong>&nbsp;hvilket er en falsk leg.<\/p>\n\n\n\n<h3 class=\"wp-block-heading\">Kan du virkelig tjene penge med Chicken Road?<\/h3>\n\n\n\n<p><strong>Ja, det er muligt<\/strong>Den maksimale pr\u00e6mie er 20.000 euro. Jeg har set screenshots af vanvittige multiplikatorer. Men tag ikke fejl: dette er et spil med held. For hver stor vinder er der hundredvis af tabere. Spil for sjov, og hvis der kommer en stor gevinst, s\u00e5 betragt det som en god bonus.<\/p>\n\n\n\n<h3 class=\"wp-block-heading\">Hvad er det bedste spil til at vinde penge p\u00e5 kasinoet?<\/h3>\n\n\n\n<p>Sp\u00f8rgsm\u00e5let til en million dollars! Der er ikke noget magisk svar. Spil som Blackjack har en meget h\u00f8j RTP, hvis du spiller perfekt. Chicken Road forsvarer sig meget godt med sin 98 % og sin gennemsigtighed. Det \"bedste\" spil er det, du forst\u00e5r, som du kan lide, og hvor du kan holde styr p\u00e5 dine indsatser.&nbsp;<strong>Chicken Road er en fremragende kandidat for dem, der kan lide risiko og hurtig fortjeneste.<\/strong><\/p>","protected":false},"excerpt":{"rendered":"<p>Chicken Road Casino : On vous dit tout sur le jeu du poulet qui rend fou ! Pour les press\u00e9s :&nbsp;Laissez-moi vous r\u00e9sumer la b\u00eate. Chicken Road, c\u2019est le dernier-n\u00e9 d\u2019Inout Games. Imaginez un poulet kamikaze dans un donjon, c\u2019est vous qui le guidez. Le concept est simple, mais l\u2019adr\u00e9naline est maximale. Avec un&nbsp;RTP de &#8230; <a title=\"\" class=\"read-more\" href=\"https:\/\/surfas-project.eu\/da\/\" aria-label=\"Read more about \">L\u00e6s Mere<\/a><\/p>","protected":false},"author":1,"featured_media":0,"parent":0,"menu_order":0,"comment_status":"closed","ping_status":"closed","template":"","meta":{"footnotes":""},"class_list":["post-9","page","type-page","status-publish"],"_links":{"self":[{"href":"https:\/\/surfas-project.eu\/da\/wp-json\/wp\/v2\/pages\/9","targetHints":{"allow":["GET"]}}],"collection":[{"href":"https:\/\/surfas-project.eu\/da\/wp-json\/wp\/v2\/pages"}],"about":[{"href":"https:\/\/surfas-project.eu\/da\/wp-json\/wp\/v2\/types\/page"}],"author":[{"embeddable":true,"href":"https:\/\/surfas-project.eu\/da\/wp-json\/wp\/v2\/users\/1"}],"replies":[{"embeddable":true,"href":"https:\/\/surfas-project.eu\/da\/wp-json\/wp\/v2\/comments?post=9"}],"version-history":[{"count":6,"href":"https:\/\/surfas-project.eu\/da\/wp-json\/wp\/v2\/pages\/9\/revisions"}],"predecessor-version":[{"id":33,"href":"https:\/\/surfas-project.eu\/da\/wp-json\/wp\/v2\/pages\/9\/revisions\/33"}],"wp:attachment":[{"href":"https:\/\/surfas-project.eu\/da\/wp-json\/wp\/v2\/media?parent=9"}],"curies":[{"name":"wp","href":"https:\/\/api.w.org\/{rel}","templated":true}]}}