{"id":9,"date":"2025-10-24T11:31:22","date_gmt":"2025-10-24T11:31:22","guid":{"rendered":"https:\/\/surfas-project.eu\/?page_id=9"},"modified":"2025-10-24T12:21:56","modified_gmt":"2025-10-24T12:21:56","slug":"9-2","status":"publish","type":"page","link":"https:\/\/surfas-project.eu\/de\/","title":{"rendered":""},"content":{"rendered":"<h1 class=\"wp-block-heading\">Chicken Road Casino: Wir verraten Ihnen alles \u00fcber das Spiel \"Huhn, das verr\u00fcckt macht\"!<\/h1>\n\n\n\n<p><strong>F\u00fcr die Eiligen:<\/strong>&nbsp;Lassen Sie mich das Tier kurz zusammenfassen. Chicken Road ist das neueste Spiel von Inout Games. Stellen Sie sich ein Kamikaze-Huhn in einem Dungeon vor, Sie sind derjenige, der es f\u00fchrt. Das Konzept ist einfach, aber der Adrenalinkick ist maximal. Mit einem&nbsp;<strong>RTP von 98 % (eine Zahl, die Freude macht!) und Provably Fair-Technologie<\/strong>&nbsp;das jegliches Schummeln verhindert, ist ernst gemeint. Ja, es ist ultrafl\u00fcchtig, aber es kann bis zu 20.000 \u20ac ausspucken. Mein Rat als Spieler: Behalten Sie einen k\u00fchlen Kopf und spielen Sie nur in Casinos, die einen guten Ruf haben (MGA-Lizenzen, UKGC, solche Dinge).<\/p>\n\n\n\n<p>Haben Sie genug von Spielautomaten, die alle gleich aussehen, und von endlosen Pokerregeln? Dann lassen Sie mich Ihnen von einem kleinen Nugget erz\u00e4hlen, das den Ameisenhaufen ordentlich aufmischt:&nbsp;<strong>Chicken Road Casino<\/strong>. Das Konzept ist teuflisch einfach: Sie haben ein Huhn, einen mit Fallen gespickten Weg und Ihren Mut. Was ist Ihre Aufgabe? Bringen Sie das Huhn so weit wie m\u00f6glich voran, ohne dass es als Nugget endet. Mit jedem erfolgreichen Schritt steigt der Multiplikator. Ein einziger falscher Schritt, und schon ist das Spiel vorbei und Ihr Einsatz l\u00f6st sich in Rauch auf. Es ist ein sogenanntes Cash-out-Spiel, ein reines Spannungsb\u00fcndel, bei dem die Frage immer dieselbe ist: Soll ich jetzt kassieren oder den n\u00e4chsten Zug wagen?<\/p>\n\n\n\n<p>Mit einem RTP von 98 % und der Provably-Fair-Technologie (dazu kommen wir sp\u00e4ter, aber im Grunde ist das die Garantie gegen Betrug) ist dieses Spiel ein Hauch von frischer Luft. Ob Sie ein kleiner Spieler sind, der im Demo-Modus \u00fcben will, oder ein Verr\u00fcckter, der bereit ist, im Hardcore-Modus um den Jackpot zu k\u00e4mpfen, Sie werden mitfiebern. Willkommen in der Arena!<\/p>\n\n\n\n<h1 class=\"wp-block-heading\">Testen Sie Chicken Road mit der Online-Demo!<\/h1>\n\n\n\n<iframe \n    src=\"https:\/\/api.inout.games\/api\/launch?gameMode=chicken-road&#038;authToken=b9ad28ba-317a-00e8-1170-0ead4568c44a&#038;operatorId=ee2013ed-e1f0-4d6e-97d2-f36619e2eb52&#038;currency=USD&#038;lang=en\" \n    width=\"100%\" \n    height=\"800\" \n    style=\"border:none; border-radius:12px; overflow:hidden;\" \n    allowfullscreen\n loading=\"lazy\">\n<\/iframe>\n\n\n\n\n<ol class=\"wp-block-list\">\n<li><a href=\"https:\/\/surfas-project.eu\/de\/?page_id=9#qu-est-ce-que-le-jeu-chicken-road-casino\">Chicken Road: Was soll das mit dem Huhn?<\/a><\/li>\n\n\n\n<li><a href=\"https:\/\/surfas-project.eu\/de\/?page_id=9#comment-jouer-a-chicken-road-les-regles-et-fonctionnalites\">Wie man spielt und wie man (vor allem) gewinnt?<\/a><\/li>\n\n\n\n<li><a href=\"https:\/\/surfas-project.eu\/de\/?page_id=9#chicken-road-fiable\">Chicken Road: Kann man ihm wirklich trauen?<\/a><\/li>\n\n\n\n<li><a href=\"https:\/\/surfas-project.eu\/de\/?page_id=9#strategies-et-astuces-pour-jouer-a-chicken-road\">Meine Strategien, um nicht gerupft zu enden<\/a><\/li>\n\n\n\n<li><a href=\"https:\/\/surfas-project.eu\/de\/?page_id=9#les-differentes-versions-du-jeu-ne-tombez-pas-dans-le-piege\">Die Falle, die es zu vermeiden gilt: Richtig und Falsch Chicken Road<\/a><\/li>\n\n\n\n<li><a href=\"https:\/\/surfas-project.eu\/de\/?page_id=9#notre-avis-final-sur-chicken-road-casino\">Mein Urteil als Spieler \u00fcber Chicken Road<\/a><\/li>\n<\/ol>\n\n\n\n<h2 class=\"wp-block-heading\" id=\"qu-est-ce-que-le-jeu-chicken-road-casino\">Chicken Road: Was soll das mit dem Huhn?<\/h2>\n\n\n\n<h3 class=\"wp-block-heading\" id=\"le-concept-guider-un-poulet-pour-multiplier-ses-gains\">Das Konzept: ein Huhn, Flammen und Ihre Kaltbl\u00fctigkeit<\/h3>\n\n\n\n<p>Vergessen Sie die Rollen und Karten. Hier ist Ihr Held ein Huhn. Das Spiel, das im April 2024 von den genialen Jungs von Inout Games ver\u00f6ffentlicht wurde, gibt Ihnen die Kontrolle \u00fcber dieses unerschrockene Federvieh. Das Ziel ist einfach: Sie m\u00fcssen einen Pfad aus 2D-Feldern \u00fcberqueren. Mit jedem \"sicheren\" Feld steigt Ihr Multiplikator. Was ist das Problem? In einigen Feldern sind Flammen versteckt. Wenn Ihr Huhn eine Pfote darauf setzt&nbsp;<strong>er ist verbrannt, und Ihr Einsatz gleich mit!<\/strong><\/p>\n\n\n\n<p>Das Salz in der Suppe liegt in diesem st\u00e4ndigen Dilemma: Nehme ich meinen Gewinn jetzt mit (der ber\u00fchmte \"Cash-out\"), oder fordere ich das Schicksal heraus, um mir einen verr\u00fcckten Multiplikator zu holen? Mit vier Schwierigkeitsgraden ist f\u00fcr jeden etwas dabei. Im Modus \"Leicht\" ist es ein Spaziergang mit regelm\u00e4\u00dfigen kleinen Gewinnen. Im Modus \"Hardcore\" ist es die H\u00f6lle, aber ein einziger guter Lauf kann Sie nach den Sternen greifen lassen (der Multiplikator kann theoretische H\u00f6hen von x3,3 Millionen erreichen!). Zum Gl\u00fcck gibt es einen Demo-Modus, in dem man sich aufw\u00e4rmen kann, ohne seine Brieftasche zu verbrennen.<\/p>\n\n\n\n<h3 class=\"wp-block-heading\" id=\"un-jeu-de-hasard-avant-tout\">Ein reines, aber transparentes Gl\u00fccksspiel!<\/h3>\n\n\n\n<p>Lassen Sie sich nicht t\u00e4uschen: Auch wenn Sie das Gef\u00fchl haben, etwas zu beherrschen, ist Chicken Road ein Gl\u00fccksspiel. Es ist die Dame Gl\u00fcck, die entscheidet, ob das n\u00e4chste Feld mit einer Falle versehen ist. Aber die gute Nachricht ist, dass es ein ehrlicher Zufall ist. Das Spiel l\u00e4uft auf einem&nbsp;<strong>Provably-Fair-Algorithmus (SHA-256)<\/strong>. Im Klartext: Es basiert auf der Blockchain und kann nicht manipuliert werden, weder vom Casino noch von einem Spieler. Es geht um Sie, das Huhn und die Wahrscheinlichkeiten. Punkt.<\/p>\n\n\n\n<p>Man kann von 0,01 \u20ac (zum Spa\u00df) bis 200 \u20ac (f\u00fcr gro\u00dfe Herzen) wetten. Der RTP von 98 % ist ausgezeichnet, aber achten Sie auf die&nbsp;<strong>hohe Volatilit\u00e4t<\/strong>. Das bedeutet, dass sich das Spiel nicht oft auszahlt, aber wenn es sich auszahlt, kann es sehr weh tun (im positiven Sinne). Warum lieben wir es? Weil es ein sofortiger Adrenalinschub ist. Es ist einfach, schnell und die Spannung steigt mit jedem Klick. Aber denken Sie an die goldene Regel des Kasinos: Man spielt nur um das Geld, das man bereit ist zu verlieren und dabei Spa\u00df zu haben.<\/p>\n\n\n\n<h2 class=\"wp-block-heading\" id=\"comment-jouer-a-chicken-road-les-regles-et-fonctionnalites\">Wie man spielt und wie man (vor allem) gewinnt?<\/h2>\n\n\n\n<p>Man braucht keinen Doktortitel, um Chicken Road zu spielen. Das Spiel ist instinktiv, und das ist das Gute daran. Die Benutzeroberfl\u00e4che ist \u00fcbersichtlich, inspiriert von alten Arcade-Spielen, und es l\u00e4uft auf jedem Smartphone, ohne etwas zu installieren. Wir sind hier, um zu spielen, nicht um uns mit der Technik herumzuschlagen!<\/p>\n\n\n<div class=\"wp-block-image\">\n<figure class=\"aligncenter size-large\"><img loading=\"lazy\" decoding=\"async\" width=\"1024\" height=\"632\" src=\"https:\/\/surfas-project.eu\/wp-content\/uploads\/2025\/10\/chicken-roadeu-1024x632.jpg\" alt=\"\" class=\"wp-image-32\" srcset=\"https:\/\/surfas-project.eu\/wp-content\/uploads\/2025\/10\/chicken-roadeu-1024x632.jpg 1024w, https:\/\/surfas-project.eu\/wp-content\/uploads\/2025\/10\/chicken-roadeu-300x185.jpg 300w, https:\/\/surfas-project.eu\/wp-content\/uploads\/2025\/10\/chicken-roadeu-768x474.jpg 768w, https:\/\/surfas-project.eu\/wp-content\/uploads\/2025\/10\/chicken-roadeu-18x12.jpg 18w, https:\/\/surfas-project.eu\/wp-content\/uploads\/2025\/10\/chicken-roadeu.jpg 1176w\" sizes=\"auto, (max-width: 1024px) 100vw, 1024px\" \/><\/figure>\n<\/div>\n\n\n<h3 class=\"wp-block-heading\" id=\"les-etapes-d-une-partie\">Der Ablauf einer Partie, Schritt f\u00fcr Schritt<\/h3>\n\n\n\n<ol class=\"wp-block-list\">\n<li><strong>Balance deinen Einsatz :<\/strong>\u00a0Entscheiden Sie, wie viel Sie bereit sind zu riskieren, von wenigen Cent bis zu 200 \u20ac.\u00a0<strong>Seien Sie klug und passen Sie Ihren Einsatz an Ihre Bankroll an!<\/strong><\/li>\n\n\n\n<li><strong>W\u00e4hlen Sie Ihr Gift :<\/strong>\u00a0W\u00e4hlen Sie den Schwierigkeitsgrad aus. Leicht f\u00fcr den Anfang, Hardcore, wenn Sie sich wie ein Krieger f\u00fchlen.<\/li>\n\n\n\n<li><strong>Starten Sie die Maschine :<\/strong>\u00a0Klicken Sie auf \"Starten\". Das Huhn steht an der Startlinie. Da f\u00e4ngt das Herz an zu rasen.<\/li>\n\n\n\n<li><strong>Der Moment der Wahrheit :<\/strong>\u00a0Bei jedem erfolgreichen Schritt haben Sie zwei M\u00f6glichkeiten. Der \"Cash-out\"-Knopf, der schreit: \"Sichere deinen Gewinn, du Idiot!\", oder die Versuchung, weiterzumachen und den Z\u00e4hler in die H\u00f6he zu treiben.\u00a0<strong>Diese Entscheidung liegt bei Ihnen, und das macht das Spiel so spannend.<\/strong><\/li>\n\n\n\n<li><strong>Durchkommen oder kaputtgehen:<\/strong>\u00a0Wenn das Huhn auf eine Flamme f\u00e4llt, ist das eine kalte Dusche. Sie verlieren den Einsatz und haben nur noch Ihre Augen zum Weinen. So ist das Spiel, meine arme Lucette!<\/li>\n<\/ol>\n\n\n\n<h3 class=\"wp-block-heading\" id=\"les-niveaux-de-difficulte-a-chaque-joueur-sa-strategie\">Schwierigkeitsgrade: Sag mir, wer du bist, und ich sage dir, wie du spielen sollst.<\/h3>\n\n\n\n<figure class=\"wp-block-table\"><table class=\"has-fixed-layout\"><tbody><tr><th>Schwierigkeitsgrad<\/th><th>Anzahl der Fallen<\/th><th>Gewinnpotenzial<\/th><th>F\u00fcr welchen Spieler?<\/th><\/tr><tr><td>Einfach<\/td><td>1 Falle von 25<\/td><td>Regelm\u00e4\u00dfige kleine Gewinne (bis zu x24,5)<\/td><td>Der Vorsichtige, der Anf\u00e4nger, der, der durchhalten will.<\/td><\/tr><tr><td>Mittel<\/td><td>3 von 25 Fallen<\/td><td>Gutes Gleichgewicht zwischen Risiko und Belohnung<\/td><td>Der ausgeglichene Spieler, der ein wenig W\u00fcrze mag.<\/td><\/tr><tr><td>Schwierig<\/td><td>5 von 25 Fallen<\/td><td>Gro\u00dfe Gewinne, aber es wird hei\u00df!<\/td><td>Der kampferprobte Spieler, der keine Scheu hat.<\/td><\/tr><tr><td>Hardcore<\/td><td>10 von 25 Fallen<\/td><td>Jackpot oder nichts!<\/td><td>Der Jackpot-J\u00e4ger, der \"Degen\", der 10 Cent einsetzt, um zu tr\u00e4umen.<\/td><\/tr><\/tbody><\/table><\/figure>\n\n\n<div class=\"wp-block-image\">\n<figure class=\"aligncenter size-full\"><img loading=\"lazy\" decoding=\"async\" width=\"552\" height=\"127\" src=\"https:\/\/surfas-project.eu\/wp-content\/uploads\/2025\/10\/chickenroadgames.jpg\" alt=\"\" class=\"wp-image-28\" srcset=\"https:\/\/surfas-project.eu\/wp-content\/uploads\/2025\/10\/chickenroadgames.jpg 552w, https:\/\/surfas-project.eu\/wp-content\/uploads\/2025\/10\/chickenroadgames-300x69.jpg 300w, https:\/\/surfas-project.eu\/wp-content\/uploads\/2025\/10\/chickenroadgames-18x4.jpg 18w\" sizes=\"auto, (max-width: 552px) 100vw, 552px\" \/><\/figure>\n<\/div>\n\n\n<p>Ihr Spielstil bestimmt alles. M\u00f6chten Sie Ihr Kapital langsam aufbauen? Bleiben Sie bei \"Leicht\". M\u00f6chten Sie den ultimativen Adrenalinschub, indem Sie eine 1-Euro-M\u00fcnze setzen und versuchen, den Mond zu erobern? Dann ist der Hardcore-Modus genau das Richtige f\u00fcr Sie.<\/p>\n\n\n\n<h3 class=\"wp-block-heading\" id=\"mises-rtp-et-gain-maximum\">Die Zahlen, auf die es ankommt: Einsatz, RTP und Jackpot<\/h3>\n\n\n<div class=\"wp-block-image\">\n<figure class=\"alignleft size-full\"><img loading=\"lazy\" decoding=\"async\" width=\"242\" height=\"108\" src=\"https:\/\/surfas-project.eu\/wp-content\/uploads\/2025\/10\/chicken-road-bet.jpg\" alt=\"\" class=\"wp-image-30\" srcset=\"https:\/\/surfas-project.eu\/wp-content\/uploads\/2025\/10\/chicken-road-bet.jpg 242w, https:\/\/surfas-project.eu\/wp-content\/uploads\/2025\/10\/chicken-road-bet-18x8.jpg 18w\" sizes=\"auto, (max-width: 242px) 100vw, 242px\" \/><\/figure>\n<\/div>\n\n\n<p>Wie bereits erw\u00e4hnt, reichen die Eins\u00e4tze von 0,01 \u20ac bis 200 \u20ac. Der&nbsp;<strong>RTP von 98 %<\/strong>&nbsp;ist einer der besten auf dem Markt. Das bedeutet, dass das Spiel auf sehr lange Sicht so programmiert ist, dass es 98% der Eins\u00e4tze an die Spieler zur\u00fcckzahlt. Aber Vorsicht, die&nbsp;<strong>hohe Fl\u00fcchtigkeit<\/strong>&nbsp;\u00e4ndert das Spiel: Sie k\u00f6nnen 50 Z\u00fcge machen, ohne etwas zu gewinnen, und dann beim 51. einen x100 treffen. Das ist der Nervenkitzel! Der maximale Gewinn ist begrenzt auf&nbsp;<strong>20 000 \u20ac<\/strong>. Tr\u00e4umen Sie nicht von einem Multiplikator von 3,3 Millionen bei einem Einsatz von 200 \u20ac, das Casino hat seine Grenzen. Die Verwaltung Ihres Geldes (der \"Bankroll\") ist KRUKAL. Gehen Sie nicht aus einer Laune heraus All-in!<\/p>\n\n\n\n<h2 class=\"wp-block-heading\" id=\"chicken-road-fiable\">Chicken Road: Kann man ihm wirklich trauen?<\/h2>\n\n\n\n<h3 class=\"wp-block-heading\" id=\"provably-fair\">Die \"Provably Fair\"-Technologie: der Anti-Cheat-Bodyguard<\/h3>\n\n\n\n<p>Das ist also der Punkt, der mich als Spieler beruhigt. Die \"Provably Fair\"-Technologie ist ein Jargon, der besagt, dass das Spiel \"fair\" ist.&nbsp;<strong>100% transparent<\/strong>. Noch bevor Sie das Spiel starten, wird das Ergebnis (die Position der Flammen) bereits durch eine komplizierte, verschl\u00fcsselte mathematische Formel bestimmt. Sie als Spieler liefern einen Teil der Gleichung. Am Ende der Runde k\u00f6nnen Sie mit den bereitgestellten Daten \u00fcberpr\u00fcfen, ob das Ergebnis im Verlauf der Runde ver\u00e4ndert wurde. Kurz gefasst:&nbsp;<strong>das Kasino kann nicht beschlie\u00dfen, dass Sie verlieren, weil Sie gerade gewinnen.<\/strong>&nbsp;Es ist in den digitalen Marmor der Blockchain eingraviert. Es ist ehrlich, und das ist alles, was wir verlangen.<\/p>\n\n\n\n<h3 class=\"wp-block-heading\" id=\"casinos-officiels\">Die zentrale Bedeutung des Spielens am richtigen Ort<\/h3>\n\n\n\n<p>Ein gutes Spiel in einem unseri\u00f6sen Casino bleibt eine schlechte Erfahrung. Um Chicken Road sicher zu spielen, sollten Sie unbedingt ein Online-Casino w\u00e4hlen, das ein offizieller Partner von Inout Games ist. Wie kann man sie erkennen? Sie besitzen&nbsp;<strong>seri\u00f6se Spiellizenzen<\/strong>. Achten Sie auf diese Logos unten auf der Casino-Website :<\/p>\n\n\n\n<ul class=\"wp-block-list\">\n<li><strong>Malta Gaming Authority (MGA) :<\/strong>\u00a0Die Spitze der Spitze in Europa. Es ist der schwarze G\u00fcrtel der Regulierung.<\/li>\n\n\n\n<li><strong>UK Gambling Commission (UKGC) :<\/strong>\u00a0Sehr streng, vor allem f\u00fcr britische Spieler, aber es ist ein Zeichen f\u00fcr Seriosit\u00e4t.<\/li>\n\n\n\n<li><strong>Kahnawake Gaming Commission (KGC) :<\/strong>\u00a0Eine hoch angesehene kanadische Lizenz.<\/li>\n\n\n\n<li><strong>eGaming Cura\u00e7ao (EGC) :<\/strong>\u00a0Sehr verbreitet, erfordert aber ein wenig mehr Wachsamkeit Ihrerseits in Bezug auf den Ruf des Kasinos.<\/li>\n<\/ul>\n\n\n\n<p>Wenn Sie auf einer lizenzierten Seite spielen, k\u00f6nnen Sie sicher sein, dass das Spiel keine manipulierte Kopie ist, dass der RTP von 98 % eingehalten wird und vor allem, dass Sie Ihre Gewinne ohne wochenlangen Kampf auszahlen lassen k\u00f6nnen.<\/p>\n\n\n\n<h2 class=\"wp-block-heading\" id=\"strategies-et-astuces-pour-jouer-a-chicken-road\">Meine Strategien, um nicht gerupft zu enden<\/h2>\n\n\n\n<h3 class=\"wp-block-heading\" id=\"gerer-sa-bankroll-et-ses-emotions\">Regel Nr. 1: Behalten Sie einen k\u00fchlen Kopf<\/h3>\n\n\n\n<p>Ich will es direkt sagen: Chicken Road ist darauf ausgelegt, mit Ihren Nerven zu spielen. Die Versuchung, \"nur noch einen Schritt weiter\" zu gehen, ist immens. Deshalb m\u00fcssen Sie schlauer sein als das Spiel. Setzen Sie sich vor Beginn eine Verlustgrenze und halten Sie sich daran. Wenn Sie es erreichen, schlie\u00dfen Sie den Computer und gehen Sie an die frische Luft. Das Spiel ist Unterhaltung, kein Plan, um reich zu werden.<\/p>\n\n\n\n<p>Spielen Sie NIEMALS, um \"etwas gut zu machen\". Das ist der k\u00fcrzeste Weg in die Katastrophe. Der ber\u00fchmte \"Tilt\" ist der Erzfeind des Spielers. Wenn Sie merken, dass Ihnen der Senf in die Nase steigt, brechen Sie das Spiel ab.<\/p>\n\n\n\n<h3 class=\"wp-block-heading\" id=\"deux-approches-selon-votre-profil-de-risque\">Der Vorsichtige vs. der Jackpot-J\u00e4ger<\/h3>\n\n\n\n<p>Es gibt kein Patentrezept, aber hier sind zwei Ans\u00e4tze, die sich bew\u00e4hrt haben:<\/p>\n\n\n\n<ul class=\"wp-block-list\">\n<li><strong>Vorsichtige Strategie (Stil \"Kleinsparer\") :<\/strong>\u00a0Spielen Sie im Modus\u00a0<em>Einfach<\/em>. Zielen Sie auf kleine Multiplikatoren, aber kassieren Sie diese h\u00e4ufig ein. Ein Cash-out-Ziel zwischen x1,50 und x2,00 ist perfekt. Das ist zwar weniger aufregend, aber es sorgt f\u00fcr lang anhaltenden Spa\u00df und baut Ihre Bankroll nach und nach auf, wenn das Gl\u00fcck auf Ihrer Seite ist.<\/li>\n\n\n\n<li><strong>Jackpot-Strategie (im \"Lotto\"-Stil) :<\/strong>\u00a0Geben Sie einen sehr kleinen Teil Ihres Budgets (max. 5%) f\u00fcr diesen Wahnsinn aus. Schalten Sie in den Modus\u00a0<em>Hardcore<\/em>Setzen Sie das Minimum (0,01 \u20ac oder 0,10 \u20ac) und dr\u00fccken Sie die Daumen f\u00fcr den \"Run\" Ihres Lebens. Es geht hier nicht darum, oft zu gewinnen, sondern von dem gro\u00dfen Coup zu tr\u00e4umen, der einmal im Jahr fallen k\u00f6nnte. Es geht rein um den Spa\u00df und den Adrenalinkick.<\/li>\n<\/ul>\n\n\n\n<h3 class=\"wp-block-heading\" id=\"profiter-du-mode-demo-pour-sentrainer\">Der Demo-Modus: Ihr bester Freund<\/h3>\n\n\n\n<p>Bevor Sie auch nur einen Cent riskieren, sollten Sie etwas Zeit im kostenlosen Demo-Modus verbringen. Es geht nicht nur darum, zu sehen, wie sch\u00f6n das Spiel ist. Es ist f\u00fcr Sie&nbsp;<strong>sich mit Rhythmus, Spannung vertraut machen<\/strong>. Testen Sie die verschiedenen Levels, sehen Sie, wie schwer es ist, im Schwierigkeitsgrad \"Schwer\" ein x10 zu erreichen. Trainieren Sie Ihre Disziplin: Setzen Sie sich ein Cash-out-Ziel und bleiben Sie dabei, auch mit Spielgeld. Das ist das beste Training, das Sie bekommen k\u00f6nnen.<\/p>\n\n\n\n<h2 class=\"wp-block-heading\" id=\"les-differentes-versions-du-jeu-ne-tombez-pas-dans-le-piege\">Die Falle, die es zu vermeiden gilt: Richtig und Falsch Chicken Road<\/h2>\n\n\n\n<h3 class=\"wp-block-heading\" id=\"chicken-road-par-inout-games-la-version-officielle-du-casino\">Das Original, das einzige, das echte: das von Inout Games<\/h3>\n\n\n\n<p>Das Spiel, von dem wir von Anfang an gesprochen haben, ist das Spiel von Inout Games. Es ist ein&nbsp;<strong>Online-Casino-Minispiel<\/strong>Dieses Spiel wurde entwickelt, um mit echtem Geld (oder als Demo) auf Casino-Websites gespielt zu werden. Es ist das mit der Provably Fair-Technologie, einem RTP von 98 % und einem maximalen Gewinn von 20.000 \u20ac.<\/p>\n\n\n\n<h3 class=\"wp-block-heading\" id=\"attention-a-chicken-road-2-une-application-mobile-differente\">Der Hochstapler: \"Chicken Road 2\" im Google Play Store<\/h3>\n\n\n\n<p>Wenn Sie auf Ihrem Telefon nach \"Chicken Road\" suchen, sto\u00dfen Sie m\u00f6glicherweise auf eine Anwendung mit dem Namen \"Chicken Road 2 x 2.0 Win 2025\".&nbsp;<strong>ACHTUNG, DAS HAT NICHTS DAMIT ZU TUN!<\/strong>&nbsp;Dieses Spiel, das von einem gewissen \"Joker Game\" entwickelt wurde, ist ein Frogger-Klon, bei dem man eine Stra\u00dfe \u00fcberqueren muss. Es ist vollgestopft mit Werbung und l\u00e4sst Sie NIE einen Cent echtes Geld verdienen. Lassen Sie sich nicht vom Namen t\u00e4uschen, es ist eine blasse Kopie, die auf der Popularit\u00e4t des echten Spiels reitet.<\/p>\n\n\n\n<h2 class=\"wp-block-heading\" id=\"notre-avis-final-sur-chicken-road-casino\">Mein Urteil als Spieler \u00fcber Chicken Road<\/h2>\n\n\n\n<h3 class=\"wp-block-heading\" id=\"les-points-forts-du-jeu\">Was wir liebten<\/h3>\n\n\n\n<p>Ehrlich gesagt, Chicken Road ist ein Schlag ins Gesicht. Das Konzept ist genial einfach und die Ausf\u00fchrung ist perfekt. Das 98er RTP % und die Provably-Fair-Technologie, das ist ein riesiges JA f\u00fcr den misstrauischen Spieler, der ich bin. Die Spannung ist bei jedem Klick sp\u00fcrbar, und die vier Schwierigkeitsstufen sorgen daf\u00fcr, dass sich jeder zurechtfindet. Es ist das perfekte Spiel f\u00fcr eine schnelle Sitzung, einen kleinen Adrenalinsto\u00df zwischen zwei Poker- oder Blackjackspielen. Ein echtes Highlight!<\/p>\n\n\n\n<h3 class=\"wp-block-heading\" id=\"les-points-a-garder-en-tete\">Was vielleicht aufhorchen l\u00e4sst<\/h3>\n\n\n\n<p>Seien wir ehrlich, es ist ein reines Gl\u00fccksspiel und seine hohe Volatilit\u00e4t kann frustrierend sein. Man kann eine Niederlage nach der anderen erleiden, ohne etwas zu verstehen, und es ist immer \u00e4rgerlich, wenn der eigene Einsatz mit einem Klick verschwindet. Man muss starke Nerven haben und sein Geld sehr gut verwalten k\u00f6nnen. Einige Spieler beschweren sich \u00fcber Bugs, aber das h\u00e4ngt oft mit inoffiziellen und unzuverl\u00e4ssigen Casinos zusammen. Schlie\u00dflich kann das Gameplay zwar s\u00fcchtig machen, aber f\u00fcr diejenigen, die nach komplexen Funktionen suchen, mit der Zeit repetitiv werden. Es ist ein \"One-Trick-Pony\"-Spiel, aber seinen Zaubertrick macht es verdammt gut.<\/p>\n\n\n\n<p><strong>Zusammengefasst:<\/strong>&nbsp;Chicken Road ist eine Bombe f\u00fcr alle, die Nervenkitzel und Cash-out-Spiele lieben. Es mischt Einfachheit, Spannung und ein explosives Gewinnpotenzial. Es ist das moderne Casino: schnell, spa\u00dfig und transparent. Aber wie bei allem im Casino gilt auch hier: Spielen Sie klug, spielen Sie zum Spa\u00df und wissen Sie, wann Sie aufh\u00f6ren m\u00fcssen.<\/p>\n\n\n\n<h2 class=\"wp-block-heading\">FAQ : Cash-Antworten auf Fragen, die Sie sich stellen<\/h2>\n\n\n\n<h3 class=\"wp-block-heading\">Chicken Road, ist das legal oder ein Betrug?<\/h3>\n\n\n\n<p><strong>Absolut legal, aber unter einer Bedingung:<\/strong>&nbsp;spielen Sie in einem Online-Casino, das eine seri\u00f6se Lizenz hat (MGA, UKGC...). Das Spiel selbst ist mit seiner Provably-Fair-Technologie abgeschirmt, die Betrug verhindert. Die Gefahr geht nicht vom Spiel aus, sondern von unseri\u00f6sen Websites, die es hosten k\u00f6nnten.<\/p>\n\n\n\n<h3 class=\"wp-block-heading\">Macht das Spiel mit dem Huhn wirklich Spa\u00df?<\/h3>\n\n\n\n<p>Wenn Sie gerne Herzklopfen haben und sich fragen, ob Sie 10 \u20ac sichern oder riskieren sollen, sie zu verlieren, um 20 \u20ac zu verdienen, dann ja,&nbsp;<strong>es macht unglaublich viel Spa\u00df und s\u00fcchtig<\/strong>. Das ist Adrenalin pur. Wenn Sie ein komplexes Strategiespiel suchen, gehen Sie weiter.<\/p>\n\n\n\n<h3 class=\"wp-block-heading\">Wo kann ich dieses Spiel ohne Risiko spielen?<\/h3>\n\n\n\n<p>Halten Sie Ausschau nach den gro\u00dfen Namen der Online-Kasinos, die Partner von Inout Games sind. Plattformen wie Betway, LeoVegas oder andere gut bewertete Casinos mit MGA- oder UKGC-Lizenzen sind sichere Wetten. Und vor allem&nbsp;<strong>verwechseln Sie es nicht mit der mobilen App \"Chicken Road 2\".<\/strong>&nbsp;die ein Scheinspiel ist.<\/p>\n\n\n\n<h3 class=\"wp-block-heading\">Kann man mit Chicken Road wirklich Geld verdienen?<\/h3>\n\n\n\n<p><strong>Ja, es ist m\u00f6glich<\/strong>Der maximale Gewinn betr\u00e4gt 20.000 \u20ac. Ich habe Screenshots von verr\u00fcckten Multiplikatoren gesehen. Aber t\u00e4uschen Sie sich nicht: Es ist ein Gl\u00fccksspiel. F\u00fcr jeden gro\u00dfen Gewinner gibt es Hunderte von Verlierern. Spielen Sie zum Spa\u00df, und wenn ein gro\u00dfer Gewinn eintrifft, betrachten Sie ihn als Superbonus.<\/p>\n\n\n\n<h3 class=\"wp-block-heading\">Was ist das beste Spiel, um im Kasino Geld zu verdienen?<\/h3>\n\n\n\n<p>Die Millionenfrage! Es gibt keine magische Antwort. Spiele wie Blackjack haben einen sehr hohen RTP, wenn Sie perfekt spielen. Chicken Road verteidigt sich sehr gut mit seinen 98 % und seiner Transparenz. Das \"beste\" Spiel ist das, das Sie verstehen, das Ihnen gef\u00e4llt und bei dem Sie die Kontrolle \u00fcber Ihre Eins\u00e4tze behalten k\u00f6nnen.&nbsp;<strong>Chicken Road ist ein ausgezeichneter Kandidat f\u00fcr diejenigen, die das Risiko und schnelle Gewinne lieben.<\/strong><\/p>","protected":false},"excerpt":{"rendered":"<p>Chicken Road Casino : On vous dit tout sur le jeu du poulet qui rend fou ! Pour les press\u00e9s :&nbsp;Laissez-moi vous r\u00e9sumer la b\u00eate. Chicken Road, c\u2019est le dernier-n\u00e9 d\u2019Inout Games. Imaginez un poulet kamikaze dans un donjon, c\u2019est vous qui le guidez. Le concept est simple, mais l\u2019adr\u00e9naline est maximale. Avec un&nbsp;RTP de &#8230; <a title=\"\" class=\"read-more\" href=\"https:\/\/surfas-project.eu\/de\/\" aria-label=\"Mehr Informationen \u00fcber \">Weiterlesen &#8230;<\/a><\/p>","protected":false},"author":1,"featured_media":0,"parent":0,"menu_order":0,"comment_status":"closed","ping_status":"closed","template":"","meta":{"footnotes":""},"class_list":["post-9","page","type-page","status-publish"],"_links":{"self":[{"href":"https:\/\/surfas-project.eu\/de\/wp-json\/wp\/v2\/pages\/9","targetHints":{"allow":["GET"]}}],"collection":[{"href":"https:\/\/surfas-project.eu\/de\/wp-json\/wp\/v2\/pages"}],"about":[{"href":"https:\/\/surfas-project.eu\/de\/wp-json\/wp\/v2\/types\/page"}],"author":[{"embeddable":true,"href":"https:\/\/surfas-project.eu\/de\/wp-json\/wp\/v2\/users\/1"}],"replies":[{"embeddable":true,"href":"https:\/\/surfas-project.eu\/de\/wp-json\/wp\/v2\/comments?post=9"}],"version-history":[{"count":6,"href":"https:\/\/surfas-project.eu\/de\/wp-json\/wp\/v2\/pages\/9\/revisions"}],"predecessor-version":[{"id":33,"href":"https:\/\/surfas-project.eu\/de\/wp-json\/wp\/v2\/pages\/9\/revisions\/33"}],"wp:attachment":[{"href":"https:\/\/surfas-project.eu\/de\/wp-json\/wp\/v2\/media?parent=9"}],"curies":[{"name":"wp","href":"https:\/\/api.w.org\/{rel}","templated":true}]}}