{"id":9,"date":"2025-10-24T11:31:22","date_gmt":"2025-10-24T11:31:22","guid":{"rendered":"https:\/\/surfas-project.eu\/?page_id=9"},"modified":"2025-10-24T12:21:56","modified_gmt":"2025-10-24T12:21:56","slug":"9-2","status":"publish","type":"page","link":"https:\/\/surfas-project.eu\/fi\/","title":{"rendered":""},"content":{"rendered":"<h1 class=\"wp-block-heading\">Chicken Road Casino: Kerromme sinulle kaiken hullusta kanapelist\u00e4!<\/h1>\n\n\n\n<p><strong>Niille, joilla on kiire:<\/strong>&nbsp;Kerronpa sinulle lyhyesti, mik\u00e4 t\u00e4m\u00e4 peto on. Chicken Road on Inout Gamesin uusin peli. Kuvittele kamikaze-kana luolastossa, jota sin\u00e4 ohjaat. Konsepti on yksinkertainen, mutta adrenaliini on huipussaan. Kun&nbsp;<strong>RTP 98 % (eritt\u00e4in miellytt\u00e4v\u00e4 luku!) ja todistetusti oikeudenmukainen tekniikka.<\/strong>&nbsp;joka est\u00e4\u00e4 kaiken huijaamisen, t\u00e4m\u00e4 on vakavaa toimintaa. Kyll\u00e4, se on eritt\u00e4in haihtuva, mutta se voi sylke\u00e4 ulos jopa 20 000 euroa. Neuvoni sinulle pelaajana: pid\u00e4 p\u00e4\u00e4 kylm\u00e4n\u00e4 ja pelaa vain kasinoilla, jotka ovat vakiintuneita (MGA-lisenssit, UKGC ja muut vastaavat).<\/p>\n\n\n\n<p>Oletko kyll\u00e4stynyt samoihin vanhoihin peliautomaatteihin ja loputtomiin pokeris\u00e4\u00e4nt\u00f6ihin? Anna minun sitten kertoa sinulle pienest\u00e4 nugetista, joka todella potkaisee asioita yl\u00f6sp\u00e4in:&nbsp;<strong>Chicken Road Casino<\/strong>. Konsepti on pirullisen yksinkertainen: sinulla on kana, ansojen t\u00e4ytt\u00e4m\u00e4 polku ja rohkeutesi. Teht\u00e4v\u00e4si? Vied\u00e4 se mahdollisimman pitk\u00e4lle ilman, ett\u00e4 se p\u00e4\u00e4tyy nugetiksi. Jokainen onnistunut askel tarkoittaa, ett\u00e4 kerroin nousee. Yksi v\u00e4\u00e4r\u00e4 liike ja peli on ohi - panoksesi menee savuna ilmaan. T\u00e4t\u00e4 kutsutaan cash-out-peliksi, puhtaaksi j\u00e4nnityskeskittym\u00e4ksi, jossa kysymys on aina sama: lunastanko nyt vai otanko seuraavan heiton?<\/p>\n\n\n\n<p>98 % RTP:n ja Provably Fair -teknologian (palaamme siihen my\u00f6hemmin, mutta pohjimmiltaan se on huijausten vastainen takuu) ansiosta t\u00e4m\u00e4 peli on raikas tuulahdus. Olitpa sitten pikkupelaaja, joka haluaa harjoitella demotilassa, tai hullu, joka on valmis ottamaan Hardcore-tilan haltuunsa jackpotin tavoittelemiseksi, tulet olemaan innostunut. Tervetuloa areenalle!<\/p>\n\n\n\n<h1 class=\"wp-block-heading\">Testaa Chicken Road online-demolla!<\/h1>\n\n\n\n<iframe \n    src=\"https:\/\/api.inout.games\/api\/launch?gameMode=chicken-road&#038;authToken=b9ad28ba-317a-00e8-1170-0ead4568c44a&#038;operatorId=ee2013ed-e1f0-4d6e-97d2-f36619e2eb52&#038;currency=USD&#038;lang=en\" \n    width=\"100%\" \n    height=\"800\" \n    style=\"border:none; border-radius:12px; overflow:hidden;\" \n    allowfullscreen\n loading=\"lazy\">\n<\/iframe>\n\n\n\n\n<ol class=\"wp-block-list\">\n<li><a href=\"https:\/\/surfas-project.eu\/fi\/?page_id=9#qu-est-ce-que-le-jeu-chicken-road-casino\">Chicken Road: Mit\u00e4 t\u00e4m\u00e4 kaikki t\u00e4m\u00e4 kana on?<\/a><\/li>\n\n\n\n<li><a href=\"https:\/\/surfas-project.eu\/fi\/?page_id=9#comment-jouer-a-chicken-road-les-regles-et-fonctionnalites\">Miten pelaat ja (mik\u00e4 viel\u00e4 t\u00e4rke\u00e4mp\u00e4\u00e4) miten voitat?<\/a><\/li>\n\n\n\n<li><a href=\"https:\/\/surfas-project.eu\/fi\/?page_id=9#chicken-road-fiable\">Chicken Road: voimmeko todella luottaa siihen?<\/a><\/li>\n\n\n\n<li><a href=\"https:\/\/surfas-project.eu\/fi\/?page_id=9#strategies-et-astuces-pour-jouer-a-chicken-road\">Strategiani h\u00f6yhenien v\u00e4ltt\u00e4miseksi<\/a><\/li>\n\n\n\n<li><a href=\"https:\/\/surfas-project.eu\/fi\/?page_id=9#les-differentes-versions-du-jeu-ne-tombez-pas-dans-le-piege\">V\u00e4ltett\u00e4v\u00e4t sudenkuopat: oikea ja v\u00e4\u00e4r\u00e4 Chicken Road<\/a><\/li>\n\n\n\n<li><a href=\"https:\/\/surfas-project.eu\/fi\/?page_id=9#notre-avis-final-sur-chicken-road-casino\">Pelaajan mielipide Chicken Road:st\u00e4<\/a><\/li>\n<\/ol>\n\n\n\n<h2 class=\"wp-block-heading\" id=\"qu-est-ce-que-le-jeu-chicken-road-casino\">Chicken Road: Mit\u00e4 t\u00e4m\u00e4 kaikki t\u00e4m\u00e4 kana on?<\/h2>\n\n\n\n<h3 class=\"wp-block-heading\" id=\"le-concept-guider-un-poulet-pour-multiplier-ses-gains\">Konsepti: kana, liekit ja hermosi...<\/h3>\n\n\n\n<p>Unohda rullat ja kortit. T\u00e4ss\u00e4 sankarisi on kana. Inout Gamesin neropattien huhtikuussa 2024 julkaisemassa peliss\u00e4 p\u00e4\u00e4set johtamaan t\u00e4t\u00e4 pelotonta kanaa. Tavoite on yksinkertainen: ylit\u00e4 2D-ruutujen muodostama polku. Jokaisella \"turvallisella\" ruudulla kertoimesi nousee. Ongelma? Jotkut ruudut k\u00e4tkev\u00e4t sis\u00e4\u00e4ns\u00e4 liekkej\u00e4. Jos kanasi laittaa tassun siihen, -&nbsp;<strong>se on paahtoleip\u00e4\u00e4, ja niin on my\u00f6s sinun panoksesi!<\/strong><\/p>\n\n\n\n<p>Siin\u00e4 on koko pelin pointti, t\u00e4ss\u00e4 jatkuvassa dilemmassa: otanko voittoni nyt (kuuluisa cash-out), vai houkutanko paholaisen ottamaan hullun kertoimen? Peliss\u00e4 on 4 vaikeustasoa, joten jokaiselle l\u00f6ytyy jotakin. Helppo-tilassa peli on leppoisaa k\u00e4vely\u00e4, ja voitot ovat s\u00e4\u00e4nn\u00f6llisesti pieni\u00e4. Hardcore-tilassa se on helvetti\u00e4, mutta yksi hyv\u00e4 kierros voi vied\u00e4 sinut t\u00e4htiin (kerroin voi nousta teoreettisesti jopa 3,3 miljoonaan!). Onneksi peliss\u00e4 on demotila, joten voit l\u00e4mmitell\u00e4 ilman, ett\u00e4 lompakkoon tulee reik\u00e4.<\/p>\n\n\n\n<h3 class=\"wp-block-heading\" id=\"un-jeu-de-hasard-avant-tout\">Puhtaan, l\u00e4pin\u00e4kyv\u00e4n sattuman peli!<\/h3>\n\n\n\n<p>\u00c4l\u00e4 erehdy: vaikka tuntisitkin hallitsevasi jotakin, Chicken Road on onnenpeli. Onnetar p\u00e4\u00e4tt\u00e4\u00e4, onko seuraava ruutu ansa. Mutta hyv\u00e4 uutinen on se, ett\u00e4 se on rehellinen mahdollisuus. Peli toimii&nbsp;<strong>Todistettavasti reilu algoritmi (SHA-256)<\/strong>. Yksinkertaisesti sanottuna se perustuu lohkoketjuun, ja sit\u00e4 on mahdotonta manipuloida, ei kasinon eik\u00e4 pelaajan toimesta. Kyse on sinusta, kanasta ja kertoimista. Piste.<\/p>\n\n\n\n<p>Voit ly\u00f6d\u00e4 vetoa 0,01 eurosta (hauskanpitoon) 200 euroon (suuriin syd\u00e4miin). 98 %:n RTP on erinomainen, mutta varokaa kuitenkin&nbsp;<strong>suuri volatiliteetti<\/strong>. T\u00e4m\u00e4 tarkoittaa sit\u00e4, ett\u00e4 peli ei kannata kovin usein, mutta kun se kannattaa, se voi todella sattua (hyv\u00e4ll\u00e4 tavalla). Miksi rakastamme sit\u00e4? Koska se on v\u00e4lit\u00f6n adrenaliinip\u00f6hin\u00e4. Se on yksinkertainen, nopea ja j\u00e4nnitys on huipussaan jokaisella klikkauksella. Muista kuitenkin kasinon kultainen s\u00e4\u00e4nt\u00f6: pelaat vain sill\u00e4 rahalla, jonka olet valmis menett\u00e4m\u00e4\u00e4n pit\u00e4ess\u00e4si hauskaa.<\/p>\n\n\n\n<h2 class=\"wp-block-heading\" id=\"comment-jouer-a-chicken-road-les-regles-et-fonctionnalites\">Miten pelaat ja (mik\u00e4 viel\u00e4 t\u00e4rke\u00e4mp\u00e4\u00e4) miten voitat?<\/h2>\n\n\n\n<p>Et tarvitse tohtorin tutkintoa pelataksesi Chicken Road:t\u00e4. Peli on vaistonvaraista, ja se on siin\u00e4 hyv\u00e4\u00e4. K\u00e4ytt\u00f6liittym\u00e4 on selke\u00e4, vanhojen arcade-pelien inspiroima, ja se toimii mill\u00e4 tahansa \u00e4lypuhelimella ilman, ett\u00e4 siihen tarvitsee asentaa mit\u00e4\u00e4n. Tulimme t\u00e4nne pelaamaan, emme juuttumaan teknisiin yksityiskohtiin!<\/p>\n\n\n<div class=\"wp-block-image\">\n<figure class=\"aligncenter size-large\"><img loading=\"lazy\" decoding=\"async\" width=\"1024\" height=\"632\" src=\"https:\/\/surfas-project.eu\/wp-content\/uploads\/2025\/10\/chicken-roadeu-1024x632.jpg\" alt=\"\" class=\"wp-image-32\" srcset=\"https:\/\/surfas-project.eu\/wp-content\/uploads\/2025\/10\/chicken-roadeu-1024x632.jpg 1024w, https:\/\/surfas-project.eu\/wp-content\/uploads\/2025\/10\/chicken-roadeu-300x185.jpg 300w, https:\/\/surfas-project.eu\/wp-content\/uploads\/2025\/10\/chicken-roadeu-768x474.jpg 768w, https:\/\/surfas-project.eu\/wp-content\/uploads\/2025\/10\/chicken-roadeu-18x12.jpg 18w, https:\/\/surfas-project.eu\/wp-content\/uploads\/2025\/10\/chicken-roadeu.jpg 1176w\" sizes=\"auto, (max-width: 1024px) 100vw, 1024px\" \/><\/figure>\n<\/div>\n\n\n<h3 class=\"wp-block-heading\" id=\"les-etapes-d-une-partie\">Miten peli etenee, vaihe vaiheelta<\/h3>\n\n\n\n<ol class=\"wp-block-list\">\n<li><strong>Aseta panoksesi:<\/strong>\u00a0Valitse, kuinka paljon olet valmis ottamaan riskin, muutamasta sentist\u00e4 200 euroon.\u00a0<strong>Ole fiksu ja sovita panoksesi pelikassaasi mukaan!<\/strong><\/li>\n\n\n\n<li><strong>Valitse myrkkysi:<\/strong>\u00a0Valitse vaikeustaso. Helppo aloittaa, Hardcore, jos tunnet itsesi soturiksi.<\/li>\n\n\n\n<li><strong>K\u00e4ynnist\u00e4 kone:<\/strong>\u00a0Napsauta \"K\u00e4ynnist\u00e4\". Kana on l\u00e4ht\u00f6viivalla. Silloin syd\u00e4mesi alkaa sykki\u00e4.<\/li>\n\n\n\n<li><strong>Totuuden hetki :<\/strong>\u00a0Jokaisen onnistuneen askeleen kohdalla sinulla on kaksi vaihtoehtoa. \"Cash-out\"-painike, joka huutaa \"Varmista voittosi, idiootti!\", tai houkutus jatkaa, jotta laskuri r\u00e4j\u00e4ht\u00e4\u00e4.\u00a0<strong>P\u00e4\u00e4t\u00f6ksenteko on sinusta kiinni, ja juuri se tekee pelist\u00e4 niin j\u00e4nnitt\u00e4v\u00e4n.<\/strong><\/li>\n\n\n\n<li><strong>Se on ratkaisevaa:<\/strong>\u00a0Jos kana putoaa liekkiin, se on kylm\u00e4 suihku. H\u00e4vi\u00e4t vedon ja sinulle j\u00e4\u00e4 vain kyyneleet silmiin. Se on peli\u00e4, Lucette-parka!<\/li>\n<\/ol>\n\n\n\n<h3 class=\"wp-block-heading\" id=\"les-niveaux-de-difficulte-a-chaque-joueur-sa-strategie\">Vaikeustasot: Kerro minulle kuka olet, niin kerron sinulle, miten pelata.<\/h3>\n\n\n\n<figure class=\"wp-block-table\"><table class=\"has-fixed-layout\"><tbody><tr><th>Vaikeustaso<\/th><th>Ansojen lukum\u00e4\u00e4r\u00e4<\/th><th>Ansiomahdollisuudet<\/th><th>Mille pelaajalle?<\/th><\/tr><tr><td>Helppo<\/td><td>1 ansa 25:st\u00e4<\/td><td>Pienet s\u00e4\u00e4nn\u00f6lliset voitot (jopa 24,5x)<\/td><td>Varovainen, aloitteleva, se, joka haluaa kest\u00e4\u00e4.<\/td><\/tr><tr><td>Medium<\/td><td>3 ansaa 25:st\u00e4<\/td><td>Hyv\u00e4 riski-hy\u00f6tysuhde<\/td><td>Tasapainoinen pelaaja, joka pit\u00e4\u00e4 mausteista.<\/td><\/tr><tr><td>Vaikea<\/td><td>5 ansaa 25:st\u00e4<\/td><td>Suuret voitot, mutta alkaa olla kuuma!<\/td><td>Kokenut pelaaja, joka ei pelk\u00e4\u00e4 haasteita.<\/td><\/tr><tr><td>Hardcore<\/td><td>10 ansaa 25:st\u00e4<\/td><td>J\u00e4ttipotti tai ei mit\u00e4\u00e4n!<\/td><td>Jackpotin mets\u00e4st\u00e4j\u00e4, \"degen\", joka panostaa 10 sentti\u00e4 unelmoidakseen.<\/td><\/tr><\/tbody><\/table><\/figure>\n\n\n<div class=\"wp-block-image\">\n<figure class=\"aligncenter size-full\"><img loading=\"lazy\" decoding=\"async\" width=\"552\" height=\"127\" src=\"https:\/\/surfas-project.eu\/wp-content\/uploads\/2025\/10\/chickenroadgames.jpg\" alt=\"\" class=\"wp-image-28\" srcset=\"https:\/\/surfas-project.eu\/wp-content\/uploads\/2025\/10\/chickenroadgames.jpg 552w, https:\/\/surfas-project.eu\/wp-content\/uploads\/2025\/10\/chickenroadgames-300x69.jpg 300w, https:\/\/surfas-project.eu\/wp-content\/uploads\/2025\/10\/chickenroadgames-18x4.jpg 18w\" sizes=\"auto, (max-width: 552px) 100vw, 552px\" \/><\/figure>\n<\/div>\n\n\n<p>Pelityylinne sanelee kaiken. Haluatko rakentaa pelikassaasi hitaasti? Pysy Easy-peliss\u00e4. Haluatko \u00e4\u00e4rimm\u00e4isen adrenaliiniry\u00f6pyn panostamalla 1 euron kolikon ja yritt\u00e4m\u00e4ll\u00e4 saada kuun? Hardcore-tila on sinua varten.<\/p>\n\n\n\n<h3 class=\"wp-block-heading\" id=\"mises-rtp-et-gain-maximum\">Numerot, joilla on merkityst\u00e4: panos, RTP ja j\u00e4ttipotti<\/h3>\n\n\n<div class=\"wp-block-image\">\n<figure class=\"alignleft size-full\"><img loading=\"lazy\" decoding=\"async\" width=\"242\" height=\"108\" src=\"https:\/\/surfas-project.eu\/wp-content\/uploads\/2025\/10\/chicken-road-bet.jpg\" alt=\"\" class=\"wp-image-30\" srcset=\"https:\/\/surfas-project.eu\/wp-content\/uploads\/2025\/10\/chicken-road-bet.jpg 242w, https:\/\/surfas-project.eu\/wp-content\/uploads\/2025\/10\/chicken-road-bet-18x8.jpg 18w\" sizes=\"auto, (max-width: 242px) 100vw, 242px\" \/><\/figure>\n<\/div>\n\n\n<p>Kuten sanoimme, panokset vaihtelevat 0,01 eurosta 200 euroon. K\u00e4y osoitteessa&nbsp;<strong>RTP de 98 %<\/strong>&nbsp;on yksi markkinoiden parhaista. T\u00e4m\u00e4 tarkoittaa, ett\u00e4 peli on ohjelmoitu palauttamaan pelaajille pitk\u00e4ll\u00e4 aikav\u00e4lill\u00e4 98% panoksista. Mutta ole varovainen&nbsp;<strong>suuri volatiliteetti<\/strong>&nbsp;muuttaa peli\u00e4: voit tehd\u00e4 50 siirtoa voittamatta mit\u00e4\u00e4n, ja 51. siirrolla saat x100. Se on j\u00e4nnitt\u00e4v\u00e4\u00e4! Maksimivoitto on rajattu&nbsp;<strong>20 000 \u20ac<\/strong>. \u00c4l\u00e4 haaveile 3,3 miljoonan kertoimesta 200 euron panoksella, kasinolla on rajansa. Rahojen (pankkikassan) hallinta on ratkaisevan t\u00e4rke\u00e4\u00e4. \u00c4l\u00e4 mene all-in hetken mielijohteesta!<\/p>\n\n\n\n<h2 class=\"wp-block-heading\" id=\"chicken-road-fiable\">Chicken Road: voimmeko todella luottaa siihen?<\/h2>\n\n\n\n<h3 class=\"wp-block-heading\" id=\"provably-fair\">Provably Fair\" -teknologia: huijausten torjuntaelin<\/h3>\n\n\n\n<p>T\u00e4m\u00e4 on siis se kohta, joka rauhoittaa pelimiest\u00e4 minussa. Provably Fair\" -teknologia on jargonia sille, ett\u00e4 peli on&nbsp;<strong>100% l\u00e4pin\u00e4kyv\u00e4<\/strong>. Jo ennen pelin alkua tulos (liekkien sijainti) m\u00e4\u00e4r\u00e4ytyy monimutkaisen, salatun matemaattisen kaavan avulla. Sin\u00e4 pelaajana annat osan yht\u00e4l\u00f6st\u00e4. Kierroksen lopussa voit tarkistaa annetuista tiedoista, ettei tulosta ole muutettu matkan varrella. P\u00e4hkin\u00e4nkuoressa:&nbsp;<strong>Kasino ei voi p\u00e4\u00e4tt\u00e4\u00e4, ett\u00e4 h\u00e4vi\u00e4t, koska olet voittamassa.<\/strong>&nbsp;Se sijoittuu lohkoketjun digitaaliseen marmoriin. Se on rehellinen, ja muuta emme pyyd\u00e4.<\/p>\n\n\n\n<h3 class=\"wp-block-heading\" id=\"casinos-officiels\">Oikeassa paikassa pelaamisen elint\u00e4rke\u00e4 merkitys<\/h3>\n\n\n\n<p>Hyv\u00e4 peli h\u00e4m\u00e4r\u00e4ss\u00e4 kasinossa on silti huono kokemus. Jos haluat pelata Chicken Road:t\u00e4 turvallisesti, on t\u00e4rke\u00e4\u00e4 valita nettikasino, joka on Inout Gamesin virallinen kumppani. Mist\u00e4 tunnistat ne? Heill\u00e4 on&nbsp;<strong>vakavien pelien lisenssit<\/strong>. Etsi n\u00e4m\u00e4 logot kasinosivuston alareunasta:<\/p>\n\n\n\n<ul class=\"wp-block-list\">\n<li><strong>Maltan peliviranomainen (MGA) :<\/strong>\u00a0Euroopan parhaista paras. Se on s\u00e4\u00e4ntelyn musta vy\u00f6.<\/li>\n\n\n\n<li><strong>UK Gambling Commission (UKGC):<\/strong>\u00a0Eritt\u00e4in tiukka, erityisesti brittil\u00e4isille pelaajille, mutta se takaa vakavuuden.<\/li>\n\n\n\n<li><strong>Kahnawake Gaming Commission (KGC) :<\/strong>\u00a0Eritt\u00e4in arvostettu kanadalainen lisenssi.<\/li>\n\n\n\n<li><strong>eGaming Cura\u00e7ao (EGC):<\/strong>\u00a0Hyvin yleist\u00e4, mutta vaatii sinulta hieman enemm\u00e4n valppautta kasinon maineen suhteen.<\/li>\n<\/ul>\n\n\n\n<p>Pelaaminen lisensoidulla sivustolla takaa, ett\u00e4 peli ei ole v\u00e4\u00e4rennetty kopio, ett\u00e4 98 %:n RTP-arvoa noudatetaan ja ennen kaikkea, ett\u00e4 voit nostaa voittosi taistelematta viikkoja.<\/p>\n\n\n\n<h2 class=\"wp-block-heading\" id=\"strategies-et-astuces-pour-jouer-a-chicken-road\">Strategiani h\u00f6yhenien v\u00e4ltt\u00e4miseksi<\/h2>\n\n\n\n<h3 class=\"wp-block-heading\" id=\"gerer-sa-bankroll-et-ses-emotions\">S\u00e4\u00e4nt\u00f6 nro 1: pid\u00e4 p\u00e4\u00e4 kylm\u00e4n\u00e4<\/h3>\n\n\n\n<p>Sanon suoraan: Chicken Road on suunniteltu pelaamaan hermoillasi. Kiusaus ottaa \"viel\u00e4 yksi askel\" on valtava. Siksi sinun on oltava peli\u00e4 ovelampi. Aseta itsellesi tappioraja ennen aloittamista ja pid\u00e4 siit\u00e4 kiinni. Jos saavutat sen, sulje tietokone ja hae raitista ilmaa. T\u00e4m\u00e4 on viihdett\u00e4, ei nopean rikastumisen j\u00e4rjestelm\u00e4\u00e4.<\/p>\n\n\n\n<p>\u00c4L\u00c4 KOSKAAN pelaa \"hyvitt\u00e4\u00e4ksesi menetetty\u00e4 aikaa\". Se on lyhin tie katastrofiin. Kuuluisa \"tiltti\" on pelaajan vannoutunut vihollinen. Jos tunnet sinapin nousevan nen\u00e4\u00e4si, lopeta kaikki.<\/p>\n\n\n\n<h3 class=\"wp-block-heading\" id=\"deux-approches-selon-votre-profil-de-risque\">Varovainen vs. j\u00e4ttipotin mets\u00e4st\u00e4j\u00e4<\/h3>\n\n\n\n<p>Taikakaavaa ei ole olemassa, mutta t\u00e4ss\u00e4 on kaksi l\u00e4hestymistapaa, jotka ovat osoittautuneet toimiviksi:<\/p>\n\n\n\n<ul class=\"wp-block-list\">\n<li><strong>Varovainen strategia (\"piens\u00e4\u00e4st\u00e4j\u00e4n\" tyyli) :<\/strong>\u00a0Pelaa sis\u00e4\u00e4n\u00a0<em>Helppo<\/em>. Tavoittele pieni\u00e4 kertoimia, mutta lunasta ne usein. Kotiuttamistavoite x1,50 ja x2,00 v\u00e4lill\u00e4 on t\u00e4ydellinen. Se ei ole yht\u00e4 j\u00e4nnitt\u00e4v\u00e4\u00e4, mutta sen avulla voit pit\u00e4\u00e4 hauskaa ja kartuttaa pelikassaasi pikkuhiljaa, jos olet onnekas.<\/li>\n\n\n\n<li><strong>Jackpot-strategia (\"lottotyyli\"):<\/strong>\u00a0Varaa hyvin pieni osa budjetistasi (enint\u00e4\u00e4n 5%) t\u00e4h\u00e4n hullutukseen. Vaihda\u00a0<em>Hardcore<\/em>Panosta vain minimipanos (0,01 \u20ac tai 0,10 \u20ac) ja pid\u00e4 sormesi ristiss\u00e4 el\u00e4m\u00e4si juoksun puolesta. Ideana ei ole voittaa usein, vaan unelmoida suuresta voitosta, joka saattaa tulla kerran vuodessa. Kyse on puhtaasti hauskanpidosta ja adrenaliinista.<\/li>\n<\/ul>\n\n\n\n<h3 class=\"wp-block-heading\" id=\"profiter-du-mode-demo-pour-sentrainer\">Demo-tila: paras yst\u00e4v\u00e4si<\/h3>\n\n\n\n<p>Ennen kuin riskeeraat penni\u00e4k\u00e4\u00e4n, viet\u00e4 jonkin aikaa ilmaisessa demo-tilassa. Kyse ei ole vain siit\u00e4, ett\u00e4 n\u00e4et, kuinka n\u00e4tti peli on. Se on sinua varten.&nbsp;<strong>tutustua rytmiin ja j\u00e4nnitykseen<\/strong>. Testaa eri tasoja ja katso, kuinka vaikeaa on saavuttaa x10 vaikeassa tilassa. Harjoittele kurinalaisuuttasi: aseta itsellesi k\u00e4teisrahatavoite ja pid\u00e4 siit\u00e4 kiinni, vaikka pelattaisiinkin leikkirahalla. Se on parasta harjoittelua, mit\u00e4 voit saada.<\/p>\n\n\n\n<h2 class=\"wp-block-heading\" id=\"les-differentes-versions-du-jeu-ne-tombez-pas-dans-le-piege\">V\u00e4ltett\u00e4v\u00e4t sudenkuopat: oikea ja v\u00e4\u00e4r\u00e4 Chicken Road<\/h2>\n\n\n\n<h3 class=\"wp-block-heading\" id=\"chicken-road-par-inout-games-la-version-officielle-du-casino\">Alkuper\u00e4inen, ainoa, todellinen: Inout Gamesilta<\/h3>\n\n\n\n<p>Peli, josta olemme puhuneet alusta alkaen, on Inout Games. Se on&nbsp;<strong>nettikasino minipeli<\/strong>suunniteltu pelattavaksi oikealla rahalla (tai demona) kasinosivustoilla. Siin\u00e4 on Provably Fair -teknologia, 98 %:n RTP ja 20 000 euron maksimivoitto.<\/p>\n\n\n\n<h3 class=\"wp-block-heading\" id=\"attention-a-chicken-road-2-une-application-mobile-differente\">Huijari: \"Chicken Road 2\" Google Play Storessa<\/h3>\n\n\n\n<p>Jos etsit puhelimessasi hakusanalla \"Chicken Road\", l\u00f6yd\u00e4t todenn\u00e4k\u00f6isesti sovelluksen nimelt\u00e4 \"Chicken Road 2 x 2.0 Win 2025\".&nbsp;<strong>VAROVASTI, SILL\u00c4 EI OLE MIT\u00c4\u00c4N TEKEMIST\u00c4 ASIAN KANSSA!<\/strong>&nbsp;T\u00e4m\u00e4 peli, jonka on kehitt\u00e4nyt er\u00e4s \"Joker Game\", on Frogger-klooni, jossa sinun on ylitett\u00e4v\u00e4 tie. Se on t\u00e4ynn\u00e4 mainoksia, etk\u00e4 koskaan saa penni\u00e4k\u00e4\u00e4n oikeaa rahaa. \u00c4l\u00e4 anna nimen h\u00e4m\u00e4t\u00e4, vaan kyseess\u00e4 on kalpea kopio, joka perustuu oikean pelin suosioon.<\/p>\n\n\n\n<h2 class=\"wp-block-heading\" id=\"notre-avis-final-sur-chicken-road-casino\">Pelaajan mielipide Chicken Road:st\u00e4<\/h2>\n\n\n\n<h3 class=\"wp-block-heading\" id=\"les-points-forts-du-jeu\">Mit\u00e4 rakastimme<\/h3>\n\n\n\n<p>Suoraan sanottuna Chicken Road on isku kasvoihin. Konsepti on loistavan yksinkertainen ja toteutus on t\u00e4ydellinen. 98 %:n RTP ja Provably Fair -tekniikka ovat valtava KYLL\u00c4 varovaiselle pelaajalle minussa. J\u00e4nnitys on k\u00e4sin kosketeltavissa jokaisella klikkauksella, ja 4 vaikeustasoa tarkoittaa, ett\u00e4 jokaiselle l\u00f6ytyy jotakin. Se on t\u00e4ydellinen peli nopeaan pelisessioon, pieni adrenaliinipistos kahden pokeri- tai blackjack-pelin v\u00e4liss\u00e4. Todellinen suosikki!<\/p>\n\n\n\n<h3 class=\"wp-block-heading\" id=\"les-points-a-garder-en-tete\">Mik\u00e4 voi saada sinut tikitt\u00e4m\u00e4\u00e4n<\/h3>\n\n\n\n<p>Olkaamme rehellisi\u00e4, t\u00e4m\u00e4 on puhdasta sattumaa, ja sen suuri volatiliteetti voi olla turhauttavaa. Voit h\u00e4vit\u00e4 pelin toisensa j\u00e4lkeen ymm\u00e4rt\u00e4m\u00e4tt\u00e4 mit\u00e4\u00e4n, ja on aina raivostuttavaa n\u00e4hd\u00e4 panoksesi katoavan yhdell\u00e4 napin painalluksella. Tarvitset vahvat hermot ja erinomaista rahanhallintaa. Jotkut pelaajat valittavat bugeista, mutta t\u00e4m\u00e4 liittyy usein ep\u00e4virallisiin ja ep\u00e4luotettaviin kasinoihin. Lopuksi, vaikka pelattavuus onkin addiktoiva, se voi ajan mittaan muuttua toistuvaksi niille, jotka etsiv\u00e4t monimutkaisia ominaisuuksia. Kyseess\u00e4 on yhden tempun peli, mutta se tekee taikojaan pirun hyvin.<\/p>\n\n\n\n<p><strong>Yhteenvetona:<\/strong>&nbsp;Chicken Road on pommi j\u00e4nnityksen ja rahapelien yst\u00e4ville. Siin\u00e4 yhdistyv\u00e4t yksinkertaisuus, j\u00e4nnitys ja r\u00e4j\u00e4ht\u00e4v\u00e4t voittomahdollisuudet. Se on moderni kasino: nopea, hauska ja l\u00e4pin\u00e4kyv\u00e4. Mutta kuten kaikessa kasinossa, pelaa \u00e4lykk\u00e4\u00e4sti, pelaa huvin vuoksi ja tied\u00e4, milloin lopettaa.<\/p>\n\n\n\n<h2 class=\"wp-block-heading\">FAQ : K\u00e4teisvastaukset kysymyksiisi<\/h2>\n\n\n\n<h3 class=\"wp-block-heading\">Onko Chicken Road legit vai huijaus?<\/h3>\n\n\n\n<p><strong>Ehdottomasti reilua, mutta yhdell\u00e4 ehdolla:<\/strong>&nbsp;Pelaa nettikasinolla, jolla on vakavasti otettava lisenssi (MGA, UKGC jne.). Itse peli on suojattu Provably Fair -tekniikalla, joka est\u00e4\u00e4 huijaamisen. Vaara ei tule itse pelist\u00e4, vaan sit\u00e4 mahdollisesti is\u00e4nn\u00f6ivist\u00e4 huijarisivustoista.<\/p>\n\n\n\n<h3 class=\"wp-block-heading\">Onko t\u00e4m\u00e4 kananlihapeli todella hauskaa?<\/h3>\n\n\n\n<p>Jos pid\u00e4t siit\u00e4, ett\u00e4 syd\u00e4mesi hakkaa ja mietit, pit\u00e4isik\u00f6 sinun turvata 10 euroa vai ottaa riski menett\u00e4\u00e4 se voittaaksesi 20 euroa, silloin kyll\u00e4,&nbsp;<strong>se on uskomattoman hauska ja koukuttava.<\/strong>. Se on puhdas annos adrenaliinia. Jos etsit monimutkaista strategiapeli\u00e4, j\u00e4t\u00e4 se v\u00e4liin.<\/p>\n\n\n\n<h3 class=\"wp-block-heading\">Miss\u00e4 voin pelata t\u00e4t\u00e4 peli\u00e4 turvallisesti?<\/h3>\n\n\n\n<p>Etsi suuria online-kasinonimi\u00e4, jotka tekev\u00e4t yhteisty\u00f6t\u00e4 Inout Gamesin kanssa. Alustat, kuten Betway, LeoVegas tai muut huippuluokan kasinot, joilla on MGA- tai UKGC-lisenssi, ovat turvallisia vetoja. Mik\u00e4 parasta,&nbsp;<strong>\u00e4l\u00e4 sekoita sit\u00e4 \"Chicken Road 2\" -mobiilisovellukseen.<\/strong>&nbsp;joka on valheellinen peli.<\/p>\n\n\n\n<h3 class=\"wp-block-heading\">Voitko todella tehd\u00e4 rahaa Chicken Road:ll\u00e4?<\/h3>\n\n\n\n<p><strong>Kyll\u00e4, se on mahdollista<\/strong>Enimm\u00e4ispalkinto on 20 000 euroa. Olen n\u00e4hnyt kuvakaappauksia hulluista kertoimista. Mutta \u00e4l\u00e4 erehdy: t\u00e4m\u00e4 on onnen peli. Jokaista suurta voittajaa kohden on satoja h\u00e4vi\u00e4ji\u00e4. Pelaa huvin vuoksi, ja jos suuri voitto tulee vastaan, pid\u00e4 sit\u00e4 suurena bonuksena.<\/p>\n\n\n\n<h3 class=\"wp-block-heading\">Mik\u00e4 on paras peli, jolla voit voittaa rahaa kasinolla?<\/h3>\n\n\n\n<p>Miljoonan dollarin kysymys! Taikavastausta ei ole olemassa. Blackjackin kaltaisilla peleill\u00e4 on eritt\u00e4in korkea RTP, jos pelaat t\u00e4ydellisesti. Chicken Road puolustaa itse\u00e4\u00e4n eritt\u00e4in hyvin 98 %:ll\u00e4 ja sen avoimuudella. \"Paras\" peli on se, jonka ymm\u00e4rr\u00e4t, josta pid\u00e4t ja jossa onnistut pit\u00e4m\u00e4\u00e4n panoksesi hallinnassa.&nbsp;<strong>Chicken Road on erinomainen ehdokas niille, jotka pit\u00e4v\u00e4t riskist\u00e4 ja nopeista voitoista.<\/strong><\/p>","protected":false},"excerpt":{"rendered":"<p>Chicken Road Casino : On vous dit tout sur le jeu du poulet qui rend fou ! Pour les press\u00e9s :&nbsp;Laissez-moi vous r\u00e9sumer la b\u00eate. Chicken Road, c\u2019est le dernier-n\u00e9 d\u2019Inout Games. Imaginez un poulet kamikaze dans un donjon, c\u2019est vous qui le guidez. Le concept est simple, mais l\u2019adr\u00e9naline est maximale. Avec un&nbsp;RTP de &#8230; <a title=\"\" class=\"read-more\" href=\"https:\/\/surfas-project.eu\/fi\/\" aria-label=\"Lue lis\u00e4\u00e4 aiheesta \">Lue lis\u00e4\u00e4<\/a><\/p>","protected":false},"author":1,"featured_media":0,"parent":0,"menu_order":0,"comment_status":"closed","ping_status":"closed","template":"","meta":{"footnotes":""},"class_list":["post-9","page","type-page","status-publish"],"_links":{"self":[{"href":"https:\/\/surfas-project.eu\/fi\/wp-json\/wp\/v2\/pages\/9","targetHints":{"allow":["GET"]}}],"collection":[{"href":"https:\/\/surfas-project.eu\/fi\/wp-json\/wp\/v2\/pages"}],"about":[{"href":"https:\/\/surfas-project.eu\/fi\/wp-json\/wp\/v2\/types\/page"}],"author":[{"embeddable":true,"href":"https:\/\/surfas-project.eu\/fi\/wp-json\/wp\/v2\/users\/1"}],"replies":[{"embeddable":true,"href":"https:\/\/surfas-project.eu\/fi\/wp-json\/wp\/v2\/comments?post=9"}],"version-history":[{"count":6,"href":"https:\/\/surfas-project.eu\/fi\/wp-json\/wp\/v2\/pages\/9\/revisions"}],"predecessor-version":[{"id":33,"href":"https:\/\/surfas-project.eu\/fi\/wp-json\/wp\/v2\/pages\/9\/revisions\/33"}],"wp:attachment":[{"href":"https:\/\/surfas-project.eu\/fi\/wp-json\/wp\/v2\/media?parent=9"}],"curies":[{"name":"wp","href":"https:\/\/api.w.org\/{rel}","templated":true}]}}