{"id":9,"date":"2025-10-24T11:31:22","date_gmt":"2025-10-24T11:31:22","guid":{"rendered":"https:\/\/surfas-project.eu\/?page_id=9"},"modified":"2025-10-24T12:21:56","modified_gmt":"2025-10-24T12:21:56","slug":"9-2","status":"publish","type":"page","link":"https:\/\/surfas-project.eu\/it\/","title":{"rendered":""},"content":{"rendered":"<h1 class=\"wp-block-heading\">Chicken Road Casino: vi raccontiamo tutto sul gioco del pollo pazzo!<\/h1>\n\n\n\n<p><strong>Per chi ha fretta:<\/strong>&nbsp;Lasciate che vi riassuma la bestia: Chicken Road \u00e8 l'ultimo nato in casa Inout Games. Immaginate un pollo kamikaze in un dungeon, guidato da voi. Il concetto \u00e8 semplice, ma l'adrenalina \u00e8 al massimo. Con un&nbsp;<strong>RTP di 98 % (un dato molto gradevole!) e tecnologia Provably Fair<\/strong>&nbsp;che impedisce qualsiasi imbroglio, questo \u00e8 un affare serio. S\u00ec, \u00e8 ultra-volatile, ma pu\u00f2 sputare fino a 20.000 euro. Il mio consiglio come giocatore d'azzardo: mantenete il sangue freddo e giocate solo in casin\u00f2 ben consolidati (licenze MGA, UKGC, ecc.).<\/p>\n\n\n\n<p>Siete stanchi delle solite slot machine e delle infinite regole del poker? Allora lasciate che vi parli di una piccola pepita che d\u00e0 davvero una marcia in pi\u00f9:&nbsp;<strong>Casin\u00f2 Chicken Road<\/strong>. Il concetto \u00e8 diabolicamente semplice: avete un pollo, un percorso disseminato di trappole e il vostro coraggio. La vostra missione? Portarlo il pi\u00f9 lontano possibile senza che finisca in una pepita. Ogni passo riuscito fa aumentare il moltiplicatore. Una mossa sbagliata e il gioco \u00e8 finito: la vostra puntata va in fumo. Questo \u00e8 ci\u00f2 che si definisce un gioco cash-out, un puro concentrato di tensione in cui la domanda \u00e8 sempre la stessa: incasso ora o faccio il prossimo colpo?<\/p>\n\n\n\n<p>Con il suo 98 % RTP e la tecnologia Provably Fair (su cui torneremo pi\u00f9 avanti, ma in pratica \u00e8 la garanzia anti-truffa), questo gioco \u00e8 una boccata d'aria fresca. Che siate piccoli giocatori che vogliono fare pratica in modalit\u00e0 demo o pazzi pronti ad affrontare la modalit\u00e0 Hardcore per ottenere il jackpot, sarete entusiasti. Benvenuti nell'arena!<\/p>\n\n\n\n<h1 class=\"wp-block-heading\">Testate l'Chicken Road con la demo online!<\/h1>\n\n\n\n<iframe \n    src=\"https:\/\/api.inout.games\/api\/launch?gameMode=chicken-road&#038;authToken=b9ad28ba-317a-00e8-1170-0ead4568c44a&#038;operatorId=ee2013ed-e1f0-4d6e-97d2-f36619e2eb52&#038;currency=USD&#038;lang=en\" \n    width=\"100%\" \n    height=\"800\" \n    style=\"border:none; border-radius:12px; overflow:hidden;\" \n    allowfullscreen\n loading=\"lazy\">\n<\/iframe>\n\n\n\n\n<ol class=\"wp-block-list\">\n<li><a href=\"https:\/\/surfas-project.eu\/it\/?page_id=9#qu-est-ce-que-le-jeu-chicken-road-casino\">Chicken Road: cos'\u00e8 questa storia del pollo?<\/a><\/li>\n\n\n\n<li><a href=\"https:\/\/surfas-project.eu\/it\/?page_id=9#comment-jouer-a-chicken-road-les-regles-et-fonctionnalites\">Come si gioca e (soprattutto) come si vince?<\/a><\/li>\n\n\n\n<li><a href=\"https:\/\/surfas-project.eu\/it\/?page_id=9#chicken-road-fiable\">Chicken Road: possiamo davvero fidarci?<\/a><\/li>\n\n\n\n<li><a href=\"https:\/\/surfas-project.eu\/it\/?page_id=9#strategies-et-astuces-pour-jouer-a-chicken-road\">Le mie strategie per evitare le piume<\/a><\/li>\n\n\n\n<li><a href=\"https:\/\/surfas-project.eu\/it\/?page_id=9#les-differentes-versions-du-jeu-ne-tombez-pas-dans-le-piege\">Le insidie da evitare: il vero e il falso Chicken Road<\/a><\/li>\n\n\n\n<li><a href=\"https:\/\/surfas-project.eu\/it\/?page_id=9#notre-avis-final-sur-chicken-road-casino\">Il mio verdetto da giocatore su Chicken Road<\/a><\/li>\n<\/ol>\n\n\n\n<h2 class=\"wp-block-heading\" id=\"qu-est-ce-que-le-jeu-chicken-road-casino\">Chicken Road: cos'\u00e8 questa storia del pollo?<\/h2>\n\n\n\n<h3 class=\"wp-block-heading\" id=\"le-concept-guider-un-poulet-pour-multiplier-ses-gains\">Il concetto: un pollo, le fiamme e la vostra faccia tosta<\/h3>\n\n\n\n<p>Dimenticate i rulli e le carte. Qui il vostro eroe \u00e8 un pollo. Il gioco, pubblicato nell'aprile 2024 dai piccoli geni di Inout Games, vi mette al comando di questo intrepido pennuto. Lo scopo \u00e8 semplice: attraversare un percorso di quadrati 2D. Ad ogni casella \"sicura\", il vostro moltiplicatore aumenta. Il problema? Alcuni quadrati nascondono delle fiamme. Se il vostro pollo ci mette una zampa sopra,&nbsp;<strong>\u00e8 tostato, e cos\u00ec anche la tua puntata!<\/strong><\/p>\n\n\n\n<p>Questo \u00e8 lo scopo del gioco, in questo dilemma permanente: prendo subito le mie vincite (il famoso cash-out), o tento il diavolo per ottenere un moltiplicatore folle? Con 4 livelli di difficolt\u00e0, ce n'\u00e8 per tutti i gusti. In modalit\u00e0 'Easy', si tratta di una passeggiata tranquilla, con piccole vincite regolari. In modalit\u00e0 'Hardcore', \u00e8 un inferno, ma una buona corsa pu\u00f2 portarvi alle stelle (il moltiplicatore pu\u00f2 raggiungere vette teoriche di x3,3 milioni!). Fortunatamente, \u00e8 disponibile una modalit\u00e0 demo che consente di riscaldarsi senza fare un buco nel portafoglio.<\/p>\n\n\n\n<h3 class=\"wp-block-heading\" id=\"un-jeu-de-hasard-avant-tout\">Un gioco di puro e trasparente azzardo!<\/h3>\n\n\n\n<p>Non commettete errori: anche se vi sembra di aver imparato qualcosa, l'Chicken Road \u00e8 un gioco d'azzardo. \u00c8 la fortuna a decidere se la prossima casella \u00e8 una trappola. Ma la buona notizia \u00e8 che si tratta di un caso onesto. Il gioco si basa su un&nbsp;<strong>Algoritmo Provably Fair (SHA-256)<\/strong>. In parole povere, si basa sulla blockchain ed \u00e8 impossibile da truccare, sia da parte del casin\u00f2 che da parte del giocatore. Siete voi, il pollo e le probabilit\u00e0. Punto e basta.<\/p>\n\n\n\n<p>\u00c8 possibile scommettere da 0,01 euro (per divertimento) a 200 euro (per i grandi cuori). L'RTP di 98 % \u00e8 eccellente, ma fate attenzione alla&nbsp;<strong>alta volatilit\u00e0<\/strong>. Questo significa che il gioco non paga molto spesso, ma quando lo fa pu\u00f2 fare davvero male (in senso positivo). Perch\u00e9 ci piace? Perch\u00e9 \u00e8 una scarica di adrenalina istantanea. \u00c8 semplice, veloce e la tensione \u00e8 al massimo a ogni clic. Ma ricordate la regola d'oro del casin\u00f2: giocate solo per il denaro che siete disposti a perdere divertendovi.<\/p>\n\n\n\n<h2 class=\"wp-block-heading\" id=\"comment-jouer-a-chicken-road-les-regles-et-fonctionnalites\">Come si gioca e (soprattutto) come si vince?<\/h2>\n\n\n\n<p>Non serve un dottorato di ricerca per giocare a Chicken Road. Il gioco \u00e8 istintivo e questo \u00e8 il suo pregio. L'interfaccia \u00e8 chiara, ispirata ai vecchi giochi arcade, e funziona su qualsiasi smartphone senza installare nulla. Siamo qui per giocare, non per impantanarci nei tecnicismi!<\/p>\n\n\n<div class=\"wp-block-image\">\n<figure class=\"aligncenter size-large\"><img loading=\"lazy\" decoding=\"async\" width=\"1024\" height=\"632\" src=\"https:\/\/surfas-project.eu\/wp-content\/uploads\/2025\/10\/chicken-roadeu-1024x632.jpg\" alt=\"\" class=\"wp-image-32\" srcset=\"https:\/\/surfas-project.eu\/wp-content\/uploads\/2025\/10\/chicken-roadeu-1024x632.jpg 1024w, https:\/\/surfas-project.eu\/wp-content\/uploads\/2025\/10\/chicken-roadeu-300x185.jpg 300w, https:\/\/surfas-project.eu\/wp-content\/uploads\/2025\/10\/chicken-roadeu-768x474.jpg 768w, https:\/\/surfas-project.eu\/wp-content\/uploads\/2025\/10\/chicken-roadeu-18x12.jpg 18w, https:\/\/surfas-project.eu\/wp-content\/uploads\/2025\/10\/chicken-roadeu.jpg 1176w\" sizes=\"auto, (max-width: 1024px) 100vw, 1024px\" \/><\/figure>\n<\/div>\n\n\n<h3 class=\"wp-block-heading\" id=\"les-etapes-d-une-partie\">Come si svolge un gioco, passo dopo passo<\/h3>\n\n\n\n<ol class=\"wp-block-list\">\n<li><strong>Piazzare la scommessa:<\/strong>\u00a0Scegliete quanto siete disposti a rischiare, da pochi centesimi a 200 euro.\u00a0<strong>Siate intelligenti e adattate la puntata al vostro bankroll!<\/strong><\/li>\n\n\n\n<li><strong>Scegliete il vostro veleno:<\/strong>\u00a0Scegliete il vostro livello di difficolt\u00e0. Facile per iniziare, Hardcore se vi sentite dei guerrieri.<\/li>\n\n\n\n<li><strong>Avviare la macchina:<\/strong>\u00a0Fare clic su \"Inizia\". Il pollo \u00e8 sulla linea di partenza. A questo punto il cuore inizia a battere.<\/li>\n\n\n\n<li><strong>Il momento della verit\u00e0 :<\/strong>\u00a0Ad ogni passo riuscito, avete due scelte. Il pulsante \"Incassa\" che urla \"Metti al sicuro le tue vincite, idiota!\" o la tentazione di continuare a far esplodere il banco.\u00a0<strong>Sta a voi decidere, ed \u00e8 questo che rende il gioco cos\u00ec eccitante.<\/strong><\/li>\n\n\n\n<li><strong>\u00c8 una scelta obbligata:<\/strong>\u00a0Se il pollo cade su una fiamma, \u00e8 una doccia fredda. Si perde la scommessa e si rimane con le lacrime agli occhi. Questo \u00e8 il gioco, povera Lucette!<\/li>\n<\/ol>\n\n\n\n<h3 class=\"wp-block-heading\" id=\"les-niveaux-de-difficulte-a-chaque-joueur-sa-strategie\">Livelli di difficolt\u00e0: dimmi chi sei e ti dir\u00f2 come giocare<\/h3>\n\n\n\n<figure class=\"wp-block-table\"><table class=\"has-fixed-layout\"><tbody><tr><th>Livello di difficolt\u00e0<\/th><th>Numero di trappole<\/th><th>Potenziale di guadagno<\/th><th>Per quale giocatore?<\/th><\/tr><tr><td>Facile<\/td><td>1 trappola su 25<\/td><td>Piccoli guadagni regolari (fino a 24,5x)<\/td><td>Il prudente, il principiante, colui che vuole durare nel tempo.<\/td><\/tr><tr><td>Medio<\/td><td>3 trappole su 25<\/td><td>Buon equilibrio rischio\/ricompensa<\/td><td>Il giocatore equilibrato che ama un po' di pepe.<\/td><\/tr><tr><td>Difficile<\/td><td>5 trappole su 25<\/td><td>Grandi guadagni, ma il caldo si fa sentire!<\/td><td>Un giocatore esperto che non teme le sfide.<\/td><\/tr><tr><td>Hardcore<\/td><td>10 trappole su 25<\/td><td>Il jackpot o niente!<\/td><td>Il cacciatore di jackpot, il \"degen\" che scommette 10 centesimi per sognare.<\/td><\/tr><\/tbody><\/table><\/figure>\n\n\n<div class=\"wp-block-image\">\n<figure class=\"aligncenter size-full\"><img loading=\"lazy\" decoding=\"async\" width=\"552\" height=\"127\" src=\"https:\/\/surfas-project.eu\/wp-content\/uploads\/2025\/10\/chickenroadgames.jpg\" alt=\"\" class=\"wp-image-28\" srcset=\"https:\/\/surfas-project.eu\/wp-content\/uploads\/2025\/10\/chickenroadgames.jpg 552w, https:\/\/surfas-project.eu\/wp-content\/uploads\/2025\/10\/chickenroadgames-300x69.jpg 300w, https:\/\/surfas-project.eu\/wp-content\/uploads\/2025\/10\/chickenroadgames-18x4.jpg 18w\" sizes=\"auto, (max-width: 552px) 100vw, 552px\" \/><\/figure>\n<\/div>\n\n\n<p>Il vostro stile di gioco determina tutto. Volete costruire il vostro bankroll lentamente? Scegliete Easy. Volete l'ultima scarica di adrenalina scommettendo una moneta da 1 euro per cercare di ottenere la luna? La modalit\u00e0 Hardcore \u00e8 quella che fa per voi.<\/p>\n\n\n\n<h3 class=\"wp-block-heading\" id=\"mises-rtp-et-gain-maximum\">I numeri che contano: puntata, RTP e jackpot<\/h3>\n\n\n<div class=\"wp-block-image\">\n<figure class=\"alignleft size-full\"><img loading=\"lazy\" decoding=\"async\" width=\"242\" height=\"108\" src=\"https:\/\/surfas-project.eu\/wp-content\/uploads\/2025\/10\/chicken-road-bet.jpg\" alt=\"\" class=\"wp-image-30\" srcset=\"https:\/\/surfas-project.eu\/wp-content\/uploads\/2025\/10\/chicken-road-bet.jpg 242w, https:\/\/surfas-project.eu\/wp-content\/uploads\/2025\/10\/chicken-road-bet-18x8.jpg 18w\" sizes=\"auto, (max-width: 242px) 100vw, 242px\" \/><\/figure>\n<\/div>\n\n\n<p>Come abbiamo detto, le puntate vanno da 0,01 a 200 euro. Visitare&nbsp;<strong>RTP de 98 %<\/strong>&nbsp;\u00e8 uno dei migliori sul mercato. Ci\u00f2 significa che, a lungo termine, il gioco \u00e8 programmato per restituire ai giocatori 98% delle puntate. Ma attenzione&nbsp;<strong>alta volatilit\u00e0<\/strong>&nbsp;cambia il gioco: si possono fare 50 mosse senza vincere nulla, per poi raggiungere x100 alla 51esima. Questo \u00e8 il brivido! La vincita massima \u00e8 limitata a&nbsp;<strong>20 000 \u20ac<\/strong>. Non sognate il moltiplicatore di 3,3 milioni con una puntata di 200 euro, il casin\u00f2 ha i suoi limiti. La gestione del proprio denaro (il \"bankroll\") \u00e8 fondamentale. Non andate all-in per capriccio!<\/p>\n\n\n\n<h2 class=\"wp-block-heading\" id=\"chicken-road-fiable\">Chicken Road: possiamo davvero fidarci?<\/h2>\n\n\n\n<h3 class=\"wp-block-heading\" id=\"provably-fair\">Tecnologia \"Provably Fair\": la guardia del corpo anti-cheat<\/h3>\n\n\n\n<p>Questo \u00e8 il punto che rassicura il giocatore che \u00e8 in me. La tecnologia \"Provably Fair\" \u00e8 un gergo per indicare che il gioco \u00e8&nbsp;<strong>100% trasparente<\/strong>. Prima ancora di iniziare il gioco, il risultato (la posizione delle fiamme) \u00e8 gi\u00e0 determinato da una formula matematica complessa e criptata. Il giocatore fornisce una parte dell'equazione. Alla fine del turno, potete verificare con i dati forniti che il risultato non sia stato alterato durante il percorso. In poche parole:&nbsp;<strong>Il casin\u00f2 non pu\u00f2 decidere di farvi perdere perch\u00e9 state vincendo.<\/strong>&nbsp;\u00c8 ambientato nel marmo digitale della blockchain. \u00c8 onesto, ed \u00e8 tutto ci\u00f2 che chiediamo.<\/p>\n\n\n\n<h3 class=\"wp-block-heading\" id=\"casinos-officiels\">L'importanza vitale di giocare nel posto giusto<\/h3>\n\n\n\n<p>Un buon gioco in un casin\u00f2 losco \u00e8 comunque una brutta esperienza. Per giocare a Chicken Road in modo sicuro, \u00e8 essenziale scegliere un casin\u00f2 online che sia partner ufficiale di Inout Games. Come si riconoscono? Hanno&nbsp;<strong>licenze per giochi seri<\/strong>. Cercate questi loghi in fondo al sito del casin\u00f2:<\/p>\n\n\n\n<ul class=\"wp-block-list\">\n<li><strong>Autorit\u00e0 di gioco di Malta (MGA) :<\/strong>\u00a0Il meglio del meglio in Europa. \u00c8 la cintura nera del regolamento.<\/li>\n\n\n\n<li><strong>UK Gambling Commission (UKGC):<\/strong>\u00a0Molto severo, soprattutto per i giocatori britannici, ma \u00e8 una garanzia di seriet\u00e0.<\/li>\n\n\n\n<li><strong>Commissione di gioco di Kahnawake (KGC) :<\/strong>\u00a0Una licenza canadese molto rispettata.<\/li>\n\n\n\n<li><strong>eGaming Cura\u00e7ao (EGC):<\/strong>\u00a0Molto comune, ma richiede una maggiore vigilanza da parte vostra sulla reputazione del casin\u00f2.<\/li>\n<\/ul>\n\n\n\n<p>Giocare su un sito autorizzato garantisce che il gioco non sia una copia falsificata, che l'RTP di 98 % sia rispettato e, soprattutto, che potrete ritirare le vostre vincite senza dover lottare per settimane.<\/p>\n\n\n\n<h2 class=\"wp-block-heading\" id=\"strategies-et-astuces-pour-jouer-a-chicken-road\">Le mie strategie per evitare le piume<\/h2>\n\n\n\n<h3 class=\"wp-block-heading\" id=\"gerer-sa-bankroll-et-ses-emotions\">Regola n. 1: mantenere il sangue freddo<\/h3>\n\n\n\n<p>Sar\u00f2 schietto: l'Chicken Road \u00e8 progettato per giocare con i vostri nervi. La tentazione di fare \"solo un altro passo\" \u00e8 immensa. Ecco perch\u00e9 dovete superare in astuzia il gioco. Stabilite un limite di perdita prima di iniziare e rispettatelo. Se lo raggiungete, chiudete il computer e prendete una boccata d'aria. Si tratta di intrattenimento, non di un sistema di guadagno.<\/p>\n\n\n\n<p>Non giocate MAI per \"recuperare il tempo perduto\". \u00c8 la strada pi\u00f9 breve per il disastro. Il famoso \"tilt\" \u00e8 il nemico giurato del giocatore. Se sentite la senape salire dal naso, fermate tutto.<\/p>\n\n\n\n<h3 class=\"wp-block-heading\" id=\"deux-approches-selon-votre-profil-de-risque\">Il prudente contro il cacciatore di jackpot<\/h3>\n\n\n\n<p>Non esiste una formula magica, ma ecco due approcci che hanno dimostrato la loro validit\u00e0:<\/p>\n\n\n\n<ul class=\"wp-block-list\">\n<li><strong>Strategia prudente (stile \"piccolo risparmiatore\") :<\/strong>\u00a0Gioca in\u00a0<em>Facile<\/em>. Puntate su moltiplicatori piccoli, ma incassate spesso. Un obiettivo di incasso tra x1,50 e x2,00 \u00e8 perfetto. \u00c8 meno eccitante, ma vi permette di mantenere il divertimento e di accumulare il vostro bankroll a poco a poco, se siete fortunati.<\/li>\n\n\n\n<li><strong>Strategia del jackpot (stile \"lotteria\"):<\/strong>\u00a0Destinate una parte molto piccola del vostro budget (5% al massimo) a questa follia. Passare a\u00a0<em>Hardcore<\/em>Basta puntare il minimo (0,01 o 0,10 euro) e incrociare le dita per la vincita della vita. L'idea non \u00e8 quella di vincere spesso, ma di sognare la grande vincita che potrebbe arrivare una volta all'anno. \u00c8 un gioco puramente divertente e adrenalinico.<\/li>\n<\/ul>\n\n\n\n<h3 class=\"wp-block-heading\" id=\"profiter-du-mode-demo-pour-sentrainer\">Modalit\u00e0 demo: il vostro migliore amico<\/h3>\n\n\n\n<p>Prima di rischiare un solo centesimo, passate un po' di tempo nella modalit\u00e0 demo gratuita. Non \u00e8 solo per vedere quanto \u00e8 bello il gioco. \u00c8 per voi&nbsp;<strong>familiarizzare con il ritmo e la tensione<\/strong>. Testate i diversi livelli e vedete quanto \u00e8 difficile raggiungere un x10 in modalit\u00e0 Hard. Allenate la vostra disciplina: ponetevi un obiettivo di incasso e rispettatelo, anche con il denaro di gioco. Questo \u00e8 il miglior allenamento possibile.<\/p>\n\n\n\n<h2 class=\"wp-block-heading\" id=\"les-differentes-versions-du-jeu-ne-tombez-pas-dans-le-piege\">Le insidie da evitare: il vero e il falso Chicken Road<\/h2>\n\n\n\n<h3 class=\"wp-block-heading\" id=\"chicken-road-par-inout-games-la-version-officielle-du-casino\">L'originale, l'unico, il vero: da Inout Games<\/h3>\n\n\n\n<p>Il gioco di cui abbiamo parlato fin dall'inizio \u00e8 Inout Games. Si tratta di un&nbsp;<strong>mini-gioco del casin\u00f2 online<\/strong>progettato per essere giocato con denaro reale (o come demo) sui siti di casin\u00f2. \u00c8 quella con tecnologia Provably Fair, un RTP di 98 % e una vincita massima di 20.000 euro.<\/p>\n\n\n\n<h3 class=\"wp-block-heading\" id=\"attention-a-chicken-road-2-une-application-mobile-differente\">L'impostore: \"Chicken Road 2\" su Google Play Store<\/h3>\n\n\n\n<p>Se cercate \"Chicken Road\" sul vostro telefono, \u00e8 probabile che vi imbattiate in un'applicazione chiamata \"Chicken Road 2 x 2.0 Win 2025\".&nbsp;<strong>ATTENZIONE, QUESTO NON C'ENTRA NULLA!<\/strong>&nbsp;Questo gioco, sviluppato da un certo 'Joker Game', \u00e8 un clone di Frogger in cui bisogna attraversare una strada. \u00c8 pieno di pubblicit\u00e0 e non vi far\u00e0 MAI guadagnare un centesimo di denaro reale. Non lasciatevi ingannare dal nome, si tratta di una pallida copia che sfrutta la popolarit\u00e0 del gioco reale.<\/p>\n\n\n\n<h2 class=\"wp-block-heading\" id=\"notre-avis-final-sur-chicken-road-casino\">Il mio verdetto da giocatore su Chicken Road<\/h2>\n\n\n\n<h3 class=\"wp-block-heading\" id=\"les-points-forts-du-jeu\">Cosa ci \u00e8 piaciuto<\/h3>\n\n\n\n<p>Francamente, Chicken Road \u00e8 uno schiaffo in faccia. Il concetto \u00e8 brillantemente semplice e l'esecuzione \u00e8 perfetta. L'RTP di 98 % e la tecnologia Provably Fair sono un enorme SI per il giocatore diffidente che \u00e8 in me. La tensione \u00e8 palpabile a ogni click e i 4 livelli di difficolt\u00e0 offrono qualcosa per tutti. \u00c8 il gioco perfetto per una sessione veloce, una piccola iniezione di adrenalina tra due partite di poker o blackjack. Un vero favorito!<\/p>\n\n\n\n<h3 class=\"wp-block-heading\" id=\"les-points-a-garder-en-tete\">Cosa pu\u00f2 far scattare la molla<\/h3>\n\n\n\n<p>Siamo onesti, questo \u00e8 un gioco di puro azzardo e la sua alta volatilit\u00e0 pu\u00f2 essere frustrante. Si pu\u00f2 perdere una partita dopo l'altra senza capire nulla, ed \u00e8 sempre esasperante vedere la propria puntata scomparire con un clic. \u00c8 necessario avere nervi saldi e un'ottima gestione del denaro. Alcuni giocatori lamentano la presenza di bug, ma questo \u00e8 spesso legato a casin\u00f2 non ufficiali e inaffidabili. Infine, il gameplay, pur essendo coinvolgente, pu\u00f2 diventare ripetitivo nel tempo per chi cerca funzioni complesse. Si tratta di un gioco che fa un solo colpo, ma che fa la sua magia molto bene.<\/p>\n\n\n\n<p><strong>Per riassumere:<\/strong>&nbsp;Chicken Road \u00e8 una bomba per gli amanti del brivido e dei giochi con vincita in denaro. Combina semplicit\u00e0, suspense e un potenziale di vincita esplosivo. \u00c8 il casin\u00f2 moderno: veloce, divertente e trasparente. Ma come per tutte le cose del casin\u00f2, \u00e8 bene giocare con intelligenza, divertirsi e sapere quando fermarsi.<\/p>\n\n\n\n<h2 class=\"wp-block-heading\">FAQ : Risposte in contanti alle vostre domande<\/h2>\n\n\n\n<h3 class=\"wp-block-heading\">Chicken Road \u00e8 legale o una truffa?<\/h3>\n\n\n\n<p><strong>Assolutamente giusto, ma a una condizione:<\/strong>&nbsp;Giocate in un casin\u00f2 online con una licenza seria (MGA, UKGC, ecc.). Il gioco stesso \u00e8 protetto dalla tecnologia Provably Fair, che impedisce gli imbrogli. Il pericolo non viene dal gioco in s\u00e9, ma dai siti disonesti che potrebbero ospitarlo.<\/p>\n\n\n\n<h3 class=\"wp-block-heading\">Questo gioco del pollo \u00e8 davvero divertente?<\/h3>\n\n\n\n<p>Se vi piace avere il cuore che batte all'impazzata e chiedervi se dovete assicurarvi 10 euro o rischiare di perderli per vincere 20 euro, allora s\u00ec,&nbsp;<strong>\u00e8 incredibilmente divertente e coinvolgente<\/strong>. \u00c8 una pura dose di adrenalina. Se cercate un gioco di strategia complesso, saltatelo.<\/p>\n\n\n\n<h3 class=\"wp-block-heading\">Dove posso giocare a questo gioco in modo sicuro?<\/h3>\n\n\n\n<p>Cercate i grandi nomi dei casin\u00f2 online che collaborano con Inout Games. Piattaforme come Betway, LeoVegas o altri casin\u00f2 di alto livello con licenze MGA o UKGC sono scommesse sicure. Il meglio di tutti,&nbsp;<strong>non confonderla con l'applicazione mobile \"Chicken Road 2\".<\/strong>&nbsp;che \u00e8 un gioco fasullo.<\/p>\n\n\n\n<h3 class=\"wp-block-heading\">\u00c8 davvero possibile guadagnare con Chicken Road?<\/h3>\n\n\n\n<p><strong>S\u00ec, \u00e8 possibile<\/strong>Il premio massimo \u00e8 di 20.000 euro. Ho visto screenshot di moltiplicatori pazzeschi. Ma non fatevi illusioni: questo \u00e8 un gioco di fortuna. Per ogni grande vincitore, ci sono centinaia di perdenti. Giocate per divertirvi e se arriva una grossa vincita, consideratela un grande bonus.<\/p>\n\n\n\n<h3 class=\"wp-block-heading\">Qual \u00e8 il miglior gioco per vincere soldi al casin\u00f2?<\/h3>\n\n\n\n<p>La domanda da un milione di dollari! Non esiste una risposta magica. Giochi come il Blackjack hanno un RTP molto alto se si gioca perfettamente. Chicken Road si difende molto bene con il suo 98 % e la sua trasparenza. Il gioco \"migliore\" \u00e8 quello che capite, che vi piace e sul quale riuscite a mantenere il controllo delle vostre puntate.&nbsp;<strong>L'Chicken Road \u00e8 un candidato eccellente per chi ama il rischio e i profitti rapidi.<\/strong><\/p>","protected":false},"excerpt":{"rendered":"<p>Chicken Road Casino : On vous dit tout sur le jeu du poulet qui rend fou ! Pour les press\u00e9s :&nbsp;Laissez-moi vous r\u00e9sumer la b\u00eate. Chicken Road, c\u2019est le dernier-n\u00e9 d\u2019Inout Games. Imaginez un poulet kamikaze dans un donjon, c\u2019est vous qui le guidez. Le concept est simple, mais l\u2019adr\u00e9naline est maximale. Avec un&nbsp;RTP de &#8230; <a title=\"\" class=\"read-more\" href=\"https:\/\/surfas-project.eu\/it\/\" aria-label=\"Per saperne di pi\u00f9 su \">Leggi tutto<\/a><\/p>","protected":false},"author":1,"featured_media":0,"parent":0,"menu_order":0,"comment_status":"closed","ping_status":"closed","template":"","meta":{"footnotes":""},"class_list":["post-9","page","type-page","status-publish"],"_links":{"self":[{"href":"https:\/\/surfas-project.eu\/it\/wp-json\/wp\/v2\/pages\/9","targetHints":{"allow":["GET"]}}],"collection":[{"href":"https:\/\/surfas-project.eu\/it\/wp-json\/wp\/v2\/pages"}],"about":[{"href":"https:\/\/surfas-project.eu\/it\/wp-json\/wp\/v2\/types\/page"}],"author":[{"embeddable":true,"href":"https:\/\/surfas-project.eu\/it\/wp-json\/wp\/v2\/users\/1"}],"replies":[{"embeddable":true,"href":"https:\/\/surfas-project.eu\/it\/wp-json\/wp\/v2\/comments?post=9"}],"version-history":[{"count":6,"href":"https:\/\/surfas-project.eu\/it\/wp-json\/wp\/v2\/pages\/9\/revisions"}],"predecessor-version":[{"id":33,"href":"https:\/\/surfas-project.eu\/it\/wp-json\/wp\/v2\/pages\/9\/revisions\/33"}],"wp:attachment":[{"href":"https:\/\/surfas-project.eu\/it\/wp-json\/wp\/v2\/media?parent=9"}],"curies":[{"name":"wp","href":"https:\/\/api.w.org\/{rel}","templated":true}]}}