{"id":9,"date":"2025-10-24T11:31:22","date_gmt":"2025-10-24T11:31:22","guid":{"rendered":"https:\/\/surfas-project.eu\/?page_id=9"},"modified":"2025-10-24T12:21:56","modified_gmt":"2025-10-24T12:21:56","slug":"9-2","status":"publish","type":"page","link":"https:\/\/surfas-project.eu\/pl\/","title":{"rendered":""},"content":{"rendered":"<h1 class=\"wp-block-heading\">Chicken Road Casino: Opowiadamy o szalonej grze z kurczakiem!<\/h1>\n\n\n\n<p><strong>Dla tych, kt\u00f3rym si\u0119 spieszy:<\/strong>&nbsp;Chicken Road to najnowsza gra od Inout Games. Wyobra\u017a sobie kurczaka kamikadze w lochu, prowadzonego przez ciebie. Koncepcja jest prosta, ale adrenalina si\u0119ga zenitu. Z&nbsp;<strong>RTP na poziomie 98 % (bardzo przyjemny wynik!) i technologia Provably Fair<\/strong>&nbsp;kt\u00f3ry zapobiega wszelkim oszustwom, jest to powa\u017cny biznes. Tak, jest bardzo niestabilny, ale mo\u017ce wyplu\u0107 do 20 000 \u20ac. Moja rada dla gracza: zachowaj zimn\u0105 krew i graj tylko w kasynach o ugruntowanej pozycji (licencje MGA, UKGC, tego typu rzeczy).<\/p>\n\n\n\n<p>Zm\u0119czony tymi samymi starymi automatami i nieko\u0144cz\u0105cymi si\u0119 zasadami pokera? W takim razie pozw\u00f3l, \u017ce opowiem ci o ma\u0142ym samorodku, kt\u00f3ry naprawd\u0119 podnosi poprzeczk\u0119:&nbsp;<strong>Chicken Road Casino<\/strong>. Koncepcja jest diabelnie prosta: masz kurczaka, \u015bcie\u017ck\u0119 usian\u0105 pu\u0142apkami i odwag\u0119. Twoja misja? Doprowadzi\u0107 go tak daleko, jak to mo\u017cliwe, nie ko\u0144cz\u0105c jako samorodek. Ka\u017cdy udany krok oznacza wzrost mno\u017cnika. Jeden z\u0142y ruch i koniec gry - stawka idzie z dymem. To w\u0142a\u015bnie nazywamy gr\u0105 cash-out, czyst\u0105 koncentracj\u0105 napi\u0119cia, w kt\u00f3rej pytanie jest zawsze takie samo: czy spieni\u0119\u017cy\u0107 teraz, czy wykona\u0107 nast\u0119pny strza\u0142?<\/p>\n\n\n\n<p>Dzi\u0119ki wsp\u00f3\u0142czynnikowi RTP na poziomie 98 % i technologii Provably Fair (wr\u00f3cimy do tego p\u00f3\u017aniej, ale zasadniczo jest to gwarancja zapobiegaj\u0105ca oszustwom), ta gra jest powiewem \u015bwie\u017co\u015bci. Niezale\u017cnie od tego, czy jeste\u015b ma\u0142ym graczem, kt\u00f3ry chce po\u0107wiczy\u0107 w trybie demo, czy te\u017c wariatem gotowym na tryb Hardcore, aby zdoby\u0107 jackpota, b\u0119dziesz zachwycony. Witamy na arenie!<\/p>\n\n\n\n<h1 class=\"wp-block-heading\">Przetestuj Chicken Road z demo online!<\/h1>\n\n\n\n<iframe \n    src=\"https:\/\/api.inout.games\/api\/launch?gameMode=chicken-road&#038;authToken=b9ad28ba-317a-00e8-1170-0ead4568c44a&#038;operatorId=ee2013ed-e1f0-4d6e-97d2-f36619e2eb52&#038;currency=USD&#038;lang=en\" \n    width=\"100%\" \n    height=\"800\" \n    style=\"border:none; border-radius:12px; overflow:hidden;\" \n    allowfullscreen\n loading=\"lazy\">\n<\/iframe>\n\n\n\n\n<ol class=\"wp-block-list\">\n<li><a href=\"https:\/\/surfas-project.eu\/pl\/?page_id=9#qu-est-ce-que-le-jeu-chicken-road-casino\">Chicken Road: o co chodzi z tym kurczakiem?<\/a><\/li>\n\n\n\n<li><a href=\"https:\/\/surfas-project.eu\/pl\/?page_id=9#comment-jouer-a-chicken-road-les-regles-et-fonctionnalites\">Jak gra\u0107 i (co wa\u017cniejsze) jak wygrywa\u0107?<\/a><\/li>\n\n\n\n<li><a href=\"https:\/\/surfas-project.eu\/pl\/?page_id=9#chicken-road-fiable\">Chicken Road: czy naprawd\u0119 mo\u017cemy mu zaufa\u0107?<\/a><\/li>\n\n\n\n<li><a href=\"https:\/\/surfas-project.eu\/pl\/?page_id=9#strategies-et-astuces-pour-jouer-a-chicken-road\">Moje strategie unikania pi\u00f3r<\/a><\/li>\n\n\n\n<li><a href=\"https:\/\/surfas-project.eu\/pl\/?page_id=9#les-differentes-versions-du-jeu-ne-tombez-pas-dans-le-piege\">Pu\u0142apki, kt\u00f3rych nale\u017cy unika\u0107: prawdziwe i fa\u0142szywe Chicken Road<\/a><\/li>\n\n\n\n<li><a href=\"https:\/\/surfas-project.eu\/pl\/?page_id=9#notre-avis-final-sur-chicken-road-casino\">M\u00f3j werdykt gracza na temat Chicken Road<\/a><\/li>\n<\/ol>\n\n\n\n<h2 class=\"wp-block-heading\" id=\"qu-est-ce-que-le-jeu-chicken-road-casino\">Chicken Road: o co chodzi z tym kurczakiem?<\/h2>\n\n\n\n<h3 class=\"wp-block-heading\" id=\"le-concept-guider-un-poulet-pour-multiplier-ses-gains\">Koncepcja: kurczak, p\u0142omienie i nerwy<\/h3>\n\n\n\n<p>Zapomnij o b\u0119bnach i kartach. Tutaj twoim bohaterem jest kurczak. Gra, wydana w kwietniu 2024 roku przez ma\u0142ych geniuszy z Inout Games, stawia ci\u0119 na czele tego nieustraszonego ptactwa. Cel jest prosty: przej\u015b\u0107 przez \u015bcie\u017ck\u0119 z\u0142o\u017con\u0105 z kwadrat\u00f3w 2D. Z ka\u017cdym \"bezpiecznym\" kwadratem tw\u00f3j mno\u017cnik ro\u015bnie. Problem? Niekt\u00f3re kwadraty skrywaj\u0105 p\u0142omienie. Je\u015bli kurczak po\u0142o\u017cy na nich \u0142ap\u0119,&nbsp;<strong>to tost, tak samo jak twoja stawka!<\/strong><\/p>\n\n\n\n<p>O to w\u0142a\u015bnie chodzi w tej grze, w tym ci\u0105g\u0142ym dylemacie: czy zabra\u0107 wygran\u0105 teraz (s\u0142ynny cash-out), czy te\u017c skusi\u0107 diab\u0142a na szalony mno\u017cnik? Dzi\u0119ki 4 poziomom trudno\u015bci ka\u017cdy znajdzie co\u015b dla siebie. W trybie \"Easy\" jest to spokojny spacer z regularnymi, niewielkimi wygranymi. W trybie \"Hardcore\" to piek\u0142o, ale jeden dobry bieg mo\u017ce zabra\u0107 ci\u0119 do gwiazd (mno\u017cnik mo\u017ce osi\u0105gn\u0105\u0107 teoretyczne wy\u017cyny x3,3 miliona!). Na szcz\u0119\u015bcie jest te\u017c tryb demo, w kt\u00f3rym mo\u017cna si\u0119 rozgrza\u0107 bez wypalania dziury w portfelu.<\/p>\n\n\n\n<h3 class=\"wp-block-heading\" id=\"un-jeu-de-hasard-avant-tout\">Gra czystej, przejrzystej szansy!<\/h3>\n\n\n\n<p>Nie pope\u0142nij b\u0142\u0119du: nawet je\u015bli czujesz, \u017ce co\u015b opanowa\u0142e\u015b, Chicken Road to gra losowa. To Lady Luck decyduje, czy nast\u0119pny kwadrat jest pu\u0142apk\u0105. Ale dobr\u0105 wiadomo\u015bci\u0105 jest to, \u017ce jest to uczciwa szansa. Gra dzia\u0142a na zasadzie&nbsp;<strong>Algorytm Provably Fair (SHA-256)<\/strong>. M\u00f3wi\u0105c wprost, jest on oparty na blockchainie i jest niemo\u017cliwy do sfa\u0142szowania, ani przez kasyno, ani przez gracza. Jeste\u015b ty, kurczak i kursy. Kropka.<\/p>\n\n\n\n<p>Mo\u017cesz postawi\u0107 od 0,01 \u20ac (dla zabawy) do 200 \u20ac (dla wielkich serc). Wsp\u00f3\u0142czynnik RTP wynosz\u0105cy 98 % jest doskona\u0142y, ale nale\u017cy uwa\u017ca\u0107 na&nbsp;<strong>wysoka zmienno\u015b\u0107<\/strong>. Oznacza to, \u017ce gra nie op\u0142aca si\u0119 zbyt cz\u0119sto, ale kiedy to robi, mo\u017ce naprawd\u0119 bole\u0107 (w dobry spos\u00f3b). Dlaczego to kochamy? Poniewa\u017c to natychmiastowy zastrzyk adrenaliny. Jest prosta, szybka, a napi\u0119cie si\u0119ga zenitu przy ka\u017cdym klikni\u0119ciu. Ale pami\u0119taj o z\u0142otej zasadzie kasyna: grasz tylko za pieni\u0105dze, kt\u00f3re jeste\u015b got\u00f3w straci\u0107, dobrze si\u0119 przy tym bawi\u0105c.<\/p>\n\n\n\n<h2 class=\"wp-block-heading\" id=\"comment-jouer-a-chicken-road-les-regles-et-fonctionnalites\">Jak gra\u0107 i (co wa\u017cniejsze) jak wygrywa\u0107?<\/h2>\n\n\n\n<p>Nie trzeba mie\u0107 doktoratu, aby gra\u0107 w Chicken Road. Gra jest instynktowna i to w\u0142a\u015bnie jest w niej dobre. Interfejs jest przejrzysty, inspirowany starymi grami zr\u0119czno\u015bciowymi i dzia\u0142a na ka\u017cdym smartfonie bez instalowania czegokolwiek. Jeste\u015bmy tu po to, by gra\u0107, a nie grz\u0119zn\u0105\u0107 w szczeg\u00f3\u0142ach technicznych!<\/p>\n\n\n<div class=\"wp-block-image\">\n<figure class=\"aligncenter size-large\"><img loading=\"lazy\" decoding=\"async\" width=\"1024\" height=\"632\" src=\"https:\/\/surfas-project.eu\/wp-content\/uploads\/2025\/10\/chicken-roadeu-1024x632.jpg\" alt=\"\" class=\"wp-image-32\" srcset=\"https:\/\/surfas-project.eu\/wp-content\/uploads\/2025\/10\/chicken-roadeu-1024x632.jpg 1024w, https:\/\/surfas-project.eu\/wp-content\/uploads\/2025\/10\/chicken-roadeu-300x185.jpg 300w, https:\/\/surfas-project.eu\/wp-content\/uploads\/2025\/10\/chicken-roadeu-768x474.jpg 768w, https:\/\/surfas-project.eu\/wp-content\/uploads\/2025\/10\/chicken-roadeu-18x12.jpg 18w, https:\/\/surfas-project.eu\/wp-content\/uploads\/2025\/10\/chicken-roadeu.jpg 1176w\" sizes=\"auto, (max-width: 1024px) 100vw, 1024px\" \/><\/figure>\n<\/div>\n\n\n<h3 class=\"wp-block-heading\" id=\"les-etapes-d-une-partie\">Jak rozwija si\u0119 gra, krok po kroku<\/h3>\n\n\n\n<ol class=\"wp-block-list\">\n<li><strong>Postaw zak\u0142ad:<\/strong>\u00a0Wybierz, ile jeste\u015b got\u00f3w zaryzykowa\u0107, od kilku cent\u00f3w do 200 euro.\u00a0<strong>B\u0105d\u017a sprytny i dopasuj stawk\u0119 do swojego bankrolla!<\/strong><\/li>\n\n\n\n<li><strong>Wybierz swoj\u0105 trucizn\u0119:<\/strong>\u00a0Wybierz poziom trudno\u015bci. \u0141atwy na pocz\u0105tek, Hardcore, je\u015bli czujesz si\u0119 jak wojownik.<\/li>\n\n\n\n<li><strong>Uruchom urz\u0105dzenie:<\/strong>\u00a0Kliknij \"Start\". Kurczak znajduje si\u0119 na linii startu. W tym momencie serce zaczyna bi\u0107 szybciej.<\/li>\n\n\n\n<li><strong>Moment prawdy:<\/strong>\u00a0Z ka\u017cdym udanym krokiem masz dwie mo\u017cliwo\u015bci. Przycisk \"Cash-out\", kt\u00f3ry krzyczy \"Zabezpiecz swoje wygrane, idioto!\" lub pokus\u0119 kontynuowania, aby licznik eksplodowa\u0142.\u00a0<strong>Decyzja nale\u017cy do ciebie i to w\u0142a\u015bnie sprawia, \u017ce gra jest tak ekscytuj\u0105ca.<\/strong><\/li>\n\n\n\n<li><strong>To decyduje o zwyci\u0119stwie lub pora\u017cce:<\/strong>\u00a0Je\u015bli kurczak spadnie na p\u0142omie\u0144, b\u0119dzie to zimny prysznic. Przegrywasz zak\u0142ad i zostaj\u0105 ci tylko \u0142zy w oczach. Taka jest gra, biedna Lucette!<\/li>\n<\/ol>\n\n\n\n<h3 class=\"wp-block-heading\" id=\"les-niveaux-de-difficulte-a-chaque-joueur-sa-strategie\">Poziomy trudno\u015bci: powiedz mi, kim jeste\u015b, a powiem ci, jak gra\u0107.<\/h3>\n\n\n\n<figure class=\"wp-block-table\"><table class=\"has-fixed-layout\"><tbody><tr><th>Poziom trudno\u015bci<\/th><th>Liczba pu\u0142apek<\/th><th>Potencja\u0142 zarobkowy<\/th><th>Dla kt\u00f3rego gracza?<\/th><\/tr><tr><td>\u0141atwy<\/td><td>1 pu\u0142apka z 25<\/td><td>Niewielkie regularne zyski (do 24,5x)<\/td><td>Ostro\u017cny, pocz\u0105tkuj\u0105cy, ten, kt\u00f3ry chce trwa\u0107.<\/td><\/tr><tr><td>\u015aredni<\/td><td>3 pu\u0142apki na 25<\/td><td>Dobra r\u00f3wnowaga ryzyko\/zysk<\/td><td>Zr\u00f3wnowa\u017cony gracz, kt\u00f3ry lubi odrobin\u0119 pikanterii.<\/td><\/tr><tr><td>Trudne<\/td><td>5 pu\u0142apek na 25<\/td><td>Du\u017ce zyski, ale robi si\u0119 gor\u0105co!<\/td><td>Do\u015bwiadczony gracz, kt\u00f3ry nie boi si\u0119 wyzwa\u0144.<\/td><\/tr><tr><td>Hardcore<\/td><td>10 pu\u0142apek na 25<\/td><td>Jackpot albo nic!<\/td><td>\u0141owca jackpot\u00f3w, \"degen\", kt\u00f3ry stawia 10 cent\u00f3w, by marzy\u0107.<\/td><\/tr><\/tbody><\/table><\/figure>\n\n\n<div class=\"wp-block-image\">\n<figure class=\"aligncenter size-full\"><img loading=\"lazy\" decoding=\"async\" width=\"552\" height=\"127\" src=\"https:\/\/surfas-project.eu\/wp-content\/uploads\/2025\/10\/chickenroadgames.jpg\" alt=\"\" class=\"wp-image-28\" srcset=\"https:\/\/surfas-project.eu\/wp-content\/uploads\/2025\/10\/chickenroadgames.jpg 552w, https:\/\/surfas-project.eu\/wp-content\/uploads\/2025\/10\/chickenroadgames-300x69.jpg 300w, https:\/\/surfas-project.eu\/wp-content\/uploads\/2025\/10\/chickenroadgames-18x4.jpg 18w\" sizes=\"auto, (max-width: 552px) 100vw, 552px\" \/><\/figure>\n<\/div>\n\n\n<p>Tw\u00f3j styl gry dyktuje wszystko. Chcesz powoli budowa\u0107 sw\u00f3j bankroll? Trzymaj si\u0119 opcji Easy. Chcesz poczu\u0107 przyp\u0142yw adrenaliny, stawiaj\u0105c monet\u0119 o warto\u015bci 1 \u20ac i pr\u00f3buj\u0105c zdoby\u0107 ksi\u0119\u017cyc? Tryb Hardcore jest dla ciebie.<\/p>\n\n\n\n<h3 class=\"wp-block-heading\" id=\"mises-rtp-et-gain-maximum\">Liczby, kt\u00f3re si\u0119 licz\u0105: stawka, RTP i jackpot<\/h3>\n\n\n<div class=\"wp-block-image\">\n<figure class=\"alignleft size-full\"><img loading=\"lazy\" decoding=\"async\" width=\"242\" height=\"108\" src=\"https:\/\/surfas-project.eu\/wp-content\/uploads\/2025\/10\/chicken-road-bet.jpg\" alt=\"\" class=\"wp-image-30\" srcset=\"https:\/\/surfas-project.eu\/wp-content\/uploads\/2025\/10\/chicken-road-bet.jpg 242w, https:\/\/surfas-project.eu\/wp-content\/uploads\/2025\/10\/chicken-road-bet-18x8.jpg 18w\" sizes=\"auto, (max-width: 242px) 100vw, 242px\" \/><\/figure>\n<\/div>\n\n\n<p>Jak ju\u017c wspomnieli\u015bmy, zak\u0142ady wahaj\u0105 si\u0119 od 0,01 \u20ac do 200 \u20ac. Odwied\u017a&nbsp;<strong>RTP de 98 %<\/strong>&nbsp;jest jedn\u0105 z najlepszych na rynku. Oznacza to, \u017ce w bardzo d\u0142ugim okresie gra jest zaprogramowana tak, aby zwraca\u0107 graczom 98% stawek. Ale b\u0105d\u017a ostro\u017cny&nbsp;<strong>wysoka zmienno\u015b\u0107<\/strong>&nbsp;zmienia gr\u0119: mo\u017cesz wykona\u0107 50 ruch\u00f3w bez wygranej, a nast\u0119pnie trafi\u0107 x100 w 51. ruchu. To dopiero dreszczyk emocji! Maksymalna wygrana jest ograniczona do&nbsp;<strong>20 000 \u20ac<\/strong>. Nie marz o mno\u017cniku 3,3 miliona przy zak\u0142adzie 200 \u20ac, kasyno ma swoje ograniczenia. Zarz\u0105dzanie pieni\u0119dzmi (\"bankroll\") jest kluczowe. Nie wchod\u017a all-in dla kaprysu!<\/p>\n\n\n\n<h2 class=\"wp-block-heading\" id=\"chicken-road-fiable\">Chicken Road: czy naprawd\u0119 mo\u017cemy mu zaufa\u0107?<\/h2>\n\n\n\n<h3 class=\"wp-block-heading\" id=\"provably-fair\">Technologia \"Provably Fair\": ochrona przed oszustwami<\/h3>\n\n\n\n<p>Wi\u0119c to jest punkt, kt\u00f3ry uspokaja we mnie gracza. Technologia \"Provably Fair\" to \u017cargon oznaczaj\u0105cy, \u017ce gra jest&nbsp;<strong>100% przezroczysty<\/strong>. Jeszcze przed rozpocz\u0119ciem gry wynik (pozycja p\u0142omieni) jest ju\u017c okre\u015blony przez z\u0142o\u017con\u0105, zaszyfrowan\u0105 formu\u0142\u0119 matematyczn\u0105. Ty, jako gracz, dostarczasz cz\u0119\u015b\u0107 r\u00f3wnania. Pod koniec rundy mo\u017cesz sprawdzi\u0107 na podstawie dostarczonych danych, czy wynik nie zosta\u0142 zmieniony po drodze. W skr\u00f3cie:&nbsp;<strong>Kasyno nie mo\u017ce sprawi\u0107, \u017ce przegrasz, poniewa\u017c wygrywasz.<\/strong>&nbsp;Jest osadzony w cyfrowym marmurze blockchain. Jest uczciwy i tylko o to prosimy.<\/p>\n\n\n\n<h3 class=\"wp-block-heading\" id=\"casinos-officiels\">Kluczowe znaczenie gry we w\u0142a\u015bciwym miejscu<\/h3>\n\n\n\n<p>Dobra gra w podejrzanym kasynie to wci\u0105\u017c z\u0142e do\u015bwiadczenie. Aby bezpiecznie gra\u0107 w Chicken Road, konieczne jest wybranie kasyna online, kt\u00f3re jest oficjalnym partnerem Inout Games. Jak mo\u017cna ich rozpozna\u0107? Maj\u0105&nbsp;<strong>licencje na powa\u017cne gry<\/strong>. Szukaj tych logo na dole strony kasyna:<\/p>\n\n\n\n<ul class=\"wp-block-list\">\n<li><strong>Malta Gaming Authority (MGA) :<\/strong>\u00a0Najlepszy z najlepszych w Europie. To czarny pas regulacji.<\/li>\n\n\n\n<li><strong>Brytyjska Komisja ds. Hazardu (UKGC):<\/strong>\u00a0Bardzo surowe, zw\u0142aszcza dla brytyjskich graczy, ale to gwarancja powagi.<\/li>\n\n\n\n<li><strong>Kahnawake Gaming Commission (KGC) :<\/strong>\u00a0Bardzo szanowana kanadyjska licencja.<\/li>\n\n\n\n<li><strong>eGaming Cura\u00e7ao (EGC):<\/strong>\u00a0Bardzo powszechne, ale wymaga nieco wi\u0119kszej czujno\u015bci ze strony u\u017cytkownika w odniesieniu do reputacji kasyna.<\/li>\n<\/ul>\n\n\n\n<p>Gra na licencjonowanej stronie gwarantuje, \u017ce gra nie jest sfa\u0142szowan\u0105 kopi\u0105, \u017ce RTP 98 % jest przestrzegany, a przede wszystkim, \u017ce b\u0119dziesz m\u00f3g\u0142 wyp\u0142aci\u0107 swoje wygrane bez walki tygodniami.<\/p>\n\n\n\n<h2 class=\"wp-block-heading\" id=\"strategies-et-astuces-pour-jouer-a-chicken-road\">Moje strategie unikania pi\u00f3r<\/h2>\n\n\n\n<h3 class=\"wp-block-heading\" id=\"gerer-sa-bankroll-et-ses-emotions\">Zasada nr 1: zachowaj zimn\u0105 krew<\/h3>\n\n\n\n<p>B\u0119d\u0119 szczery: Chicken Road zosta\u0142 zaprojektowany tak, aby gra\u0107 na nerwach. Pokusa zrobienia \"jeszcze jednego kroku\" jest ogromna. Dlatego musisz przechytrzy\u0107 t\u0119 gr\u0119. Ustaw sobie limit strat przed rozpocz\u0119ciem i trzymaj si\u0119 go. Je\u015bli go osi\u0105gniesz, zamknij komputer i zaczerpnij \u015bwie\u017cego powietrza. To jest rozrywka, a nie spos\u00f3b na szybkie wzbogacenie si\u0119.<\/p>\n\n\n\n<p>NIGDY nie graj, aby \"nadrobi\u0107 stracony czas\". To najkr\u00f3tsza droga do katastrofy. S\u0142ynny \"tilt\" to zaprzysi\u0119g\u0142y wr\u00f3g gracza. Je\u015bli czujesz, \u017ce musztarda podchodzi ci do nosa, przerwij wszystko.<\/p>\n\n\n\n<h3 class=\"wp-block-heading\" id=\"deux-approches-selon-votre-profil-de-risque\">Rozwa\u017cny kontra \u0142owca jackpot\u00f3w<\/h3>\n\n\n\n<p>Nie ma magicznej formu\u0142y, ale oto dwa podej\u015bcia, kt\u00f3re sprawdzi\u0142y si\u0119 w praktyce:<\/p>\n\n\n\n<ul class=\"wp-block-list\">\n<li><strong>Ostro\u017cna strategia (styl \"ma\u0142ego oszcz\u0119dzania\") :<\/strong>\u00a0Zagraj w\u00a0<em>\u0141atwy<\/em>. Celuj w ma\u0142e mno\u017cniki, ale cz\u0119sto je wyp\u0142acaj. Cel wyp\u0142aty mi\u0119dzy x1,50 a x2,00 jest idealny. Jest to mniej ekscytuj\u0105ce, ale pozwala kontynuowa\u0107 zabaw\u0119 i stopniowo budowa\u0107 sw\u00f3j bankroll, je\u015bli masz szcz\u0119\u015bcie.<\/li>\n\n\n\n<li><strong>Strategia Jackpot (w stylu \"loterii\"):<\/strong>\u00a0Przeznacz bardzo ma\u0142\u0105 cz\u0119\u015b\u0107 swojego bud\u017cetu (maksymalnie 5%) na to szale\u0144stwo. Prze\u0142\u0105cz si\u0119 na\u00a0<em>Hardcore<\/em>Wystarczy postawi\u0107 minimum (0,01 \u20ac lub 0,10 \u20ac) i trzyma\u0107 kciuki za wygran\u0105 swojego \u017cycia. Nie chodzi tu o cz\u0119ste wygrywanie, ale o marzenie o wielkiej wygranej, kt\u00f3ra mo\u017ce pojawi\u0107 si\u0119 raz w roku. To czysta zabawa i adrenalina.<\/li>\n<\/ul>\n\n\n\n<h3 class=\"wp-block-heading\" id=\"profiter-du-mode-demo-pour-sentrainer\">Tryb demonstracyjny: najlepszy przyjaciel<\/h3>\n\n\n\n<p>Zanim zaryzykujesz cho\u0107by z\u0142ot\u00f3wk\u0119, po\u015bwi\u0119\u0107 troch\u0119 czasu na darmowy tryb demonstracyjny. Nie chodzi tylko o to, by zobaczy\u0107, jak \u0142adna jest gra. To dla ciebie&nbsp;<strong>zapoznanie si\u0119 z rytmem i napi\u0119ciem<\/strong>. Przetestuj r\u00f3\u017cne poziomy i zobacz, jak trudno jest osi\u0105gn\u0105\u0107 x10 w trybie Hard. Trenuj dyscyplin\u0119: wyznacz sobie cel wyp\u0142aty got\u00f3wki i trzymaj si\u0119 go, nawet za wirtualne pieni\u0105dze. To najlepszy mo\u017cliwy trening.<\/p>\n\n\n\n<h2 class=\"wp-block-heading\" id=\"les-differentes-versions-du-jeu-ne-tombez-pas-dans-le-piege\">Pu\u0142apki, kt\u00f3rych nale\u017cy unika\u0107: prawdziwe i fa\u0142szywe Chicken Road<\/h2>\n\n\n\n<h3 class=\"wp-block-heading\" id=\"chicken-road-par-inout-games-la-version-officielle-du-casino\">Oryginalny, jedyny, prawdziwy: od Inout Games<\/h3>\n\n\n\n<p>Gra, o kt\u00f3rej m\u00f3wimy od samego pocz\u0105tku, to Inout Games. Jest to&nbsp;<strong>mini-gra w kasynie online<\/strong>przeznaczony do gry na prawdziwe pieni\u0105dze (lub jako demo) na stronach kasyn. Jest to ten z technologi\u0105 Provably Fair, RTP 98 % i maksymaln\u0105 wyp\u0142at\u0105 20 000 \u20ac.<\/p>\n\n\n\n<h3 class=\"wp-block-heading\" id=\"attention-a-chicken-road-2-une-application-mobile-differente\">Oszust: \"Chicken Road 2\" w sklepie Google Play<\/h3>\n\n\n\n<p>Je\u015bli wyszukasz \"Chicken Road\" na swoim telefonie, prawdopodobnie natkniesz si\u0119 na aplikacj\u0119 o nazwie \"Chicken Road 2 x 2.0 Win 2025\".&nbsp;<strong>OSTRO\u017bNIE, TO NIE MA Z TYM NIC WSP\u00d3LNEGO!<\/strong>&nbsp;Ta gra, stworzona przez niejakiego \"Joker Game\", to klon Froggera, w kt\u00f3rym musisz przej\u015b\u0107 przez ulic\u0119. Jest pe\u0142na reklam i NIGDY nie zarobi ani grosza prawdziwych pieni\u0119dzy. Nie daj si\u0119 zwie\u015b\u0107 nazwie, to blada kopia, kt\u00f3ra bazuje na popularno\u015bci prawdziwej gry.<\/p>\n\n\n\n<h2 class=\"wp-block-heading\" id=\"notre-avis-final-sur-chicken-road-casino\">M\u00f3j werdykt gracza na temat Chicken Road<\/h2>\n\n\n\n<h3 class=\"wp-block-heading\" id=\"les-points-forts-du-jeu\">Co nam si\u0119 podoba\u0142o<\/h3>\n\n\n\n<p>Szczerze m\u00f3wi\u0105c, Chicken Road to policzek w twarz. Koncepcja jest genialnie prosta, a wykonanie perfekcyjne. RTP na poziomie 98 % i technologia Provably Fair to ogromne TAK dla ostro\u017cnego gracza. Napi\u0119cie jest wyczuwalne przy ka\u017cdym klikni\u0119ciu, a 4 poziomy trudno\u015bci oznaczaj\u0105, \u017ce ka\u017cdy znajdzie co\u015b dla siebie. To idealna gra na szybk\u0105 sesj\u0119, ma\u0142y zastrzyk adrenaliny mi\u0119dzy dwiema partiami pokera lub blackjacka. Prawdziwy faworyt!<\/p>\n\n\n\n<h3 class=\"wp-block-heading\" id=\"les-points-a-garder-en-tete\">Co mo\u017ce sprawi\u0107, \u017ce zaczniesz tyka\u0107<\/h3>\n\n\n\n<p>B\u0105d\u017amy szczerzy, jest to gra czysto losowa, a jej wysoka zmienno\u015b\u0107 mo\u017ce by\u0107 frustruj\u0105ca. Mo\u017cesz przegra\u0107 jedn\u0105 gr\u0119 po drugiej, niczego nie rozumiej\u0105c, a widok zak\u0142adu znikaj\u0105cego po klikni\u0119ciu przycisku jest zawsze irytuj\u0105cy. Potrzebujesz silnych nerw\u00f3w i doskona\u0142ego zarz\u0105dzania pieni\u0119dzmi. Niekt\u00f3rzy gracze narzekaj\u0105 na b\u0142\u0119dy, ale jest to cz\u0119sto zwi\u0105zane z nieoficjalnymi i niewiarygodnymi kasynami. Wreszcie, rozgrywka, cho\u0107 wci\u0105gaj\u0105ca, mo\u017ce z czasem sta\u0107 si\u0119 powtarzalna dla tych, kt\u00f3rzy szukaj\u0105 z\u0142o\u017conych funkcji. Jest to gra typu \"one-trick pony\", ale robi swoj\u0105 magi\u0119 cholernie dobrze.<\/p>\n\n\n\n<p><strong>Podsumowuj\u0105c:<\/strong>&nbsp;Chicken Road to bomba dla fan\u00f3w emocji i gier cash-out. \u0141\u0105czy w sobie prostot\u0119, napi\u0119cie i wybuchowy potencja\u0142 wygranej. To nowoczesne kasyno: szybkie, zabawne i przejrzyste. Ale jak ze wszystkim w kasynie, graj inteligentnie, graj dla zabawy i wiedz, kiedy przesta\u0107.<\/p>\n\n\n\n<h2 class=\"wp-block-heading\">FAQ : Got\u00f3wkowe odpowiedzi na pytania<\/h2>\n\n\n\n<h3 class=\"wp-block-heading\">Czy Chicken Road jest legalny czy to oszustwo?<\/h3>\n\n\n\n<p><strong>Absolutnie fair, ale pod jednym warunkiem:<\/strong>&nbsp;Graj w kasynie online z powa\u017cn\u0105 licencj\u0105 (MGA, UKGC itp.). Sama gra jest chroniona przez technologi\u0119 Provably Fair, kt\u00f3ra zapobiega oszustwom. Niebezpiecze\u0144stwo nie pochodzi z samej gry, ale z nieuczciwych witryn, kt\u00f3re mog\u0105 j\u0105 hostowa\u0107.<\/p>\n\n\n\n<h3 class=\"wp-block-heading\">Czy ta gra w kurczaka jest naprawd\u0119 zabawna?<\/h3>\n\n\n\n<p>Je\u015bli lubisz mie\u0107 przyspieszone bicie serca i zastanawia\u0107 si\u0119, czy powiniene\u015b zabezpieczy\u0107 10 \u20ac, czy zaryzykowa\u0107 ich utrat\u0119, aby wygra\u0107 20 \u20ac, to tak,&nbsp;<strong>To niesamowicie zabawne i wci\u0105gaj\u0105ce<\/strong>. To czysta dawka adrenaliny. Je\u015bli szukasz z\u0142o\u017conej gry strategicznej, pomi\u0144 j\u0105.<\/p>\n\n\n\n<h3 class=\"wp-block-heading\">Gdzie mog\u0119 bezpiecznie zagra\u0107 w t\u0119 gr\u0119?<\/h3>\n\n\n\n<p>Szukaj du\u017cych kasyn online, kt\u00f3re wsp\u00f3\u0142pracuj\u0105 z Inout Games. Platformy takie jak Betway, LeoVegas lub inne najwy\u017cej oceniane kasyna z licencjami MGA lub UKGC to bezpieczne zak\u0142ady. Najlepsze ze wszystkiego,&nbsp;<strong>nie myli\u0107 z aplikacj\u0105 mobiln\u0105 \"Chicken Road 2\"<\/strong>&nbsp;co jest fa\u0142szyw\u0105 gr\u0105.<\/p>\n\n\n\n<h3 class=\"wp-block-heading\">Czy naprawd\u0119 mo\u017cna zarabia\u0107 na Chicken Road?<\/h3>\n\n\n\n<p><strong>Tak, to mo\u017cliwe<\/strong>Maksymalna wygrana wynosi 20 000 \u20ac. Widzia\u0142em zrzuty ekranu z szalonymi mno\u017cnikami. Ale nie pope\u0142nij b\u0142\u0119du: to gra szcz\u0119\u015bcia. Na ka\u017cdego wielkiego zwyci\u0119zc\u0119 przypadaj\u0105 setki przegranych. Graj dla zabawy, a je\u015bli pojawi si\u0119 du\u017ca wygrana, potraktuj j\u0105 jako \u015bwietny bonus.<\/p>\n\n\n\n<h3 class=\"wp-block-heading\">Jaka jest najlepsza gra do wygrywania pieni\u0119dzy w kasynie?<\/h3>\n\n\n\n<p>Pytanie za milion dolar\u00f3w! Nie ma na nie magicznej odpowiedzi. Gry takie jak Blackjack maj\u0105 bardzo wysoki RTP, je\u015bli grasz perfekcyjnie. Chicken Road broni si\u0119 bardzo dobrze dzi\u0119ki 98 % i swojej przejrzysto\u015bci. \"Najlepsz\u0105\" gr\u0105 jest ta, kt\u00f3r\u0105 rozumiesz, kt\u00f3r\u0105 lubisz i w kt\u00f3rej jeste\u015b w stanie kontrolowa\u0107 swoje zak\u0142ady.&nbsp;<strong>Chicken Road to doskona\u0142y kandydat dla tych, kt\u00f3rzy lubi\u0105 ryzyko i szybkie zyski.<\/strong><\/p>","protected":false},"excerpt":{"rendered":"<p>Chicken Road Casino : On vous dit tout sur le jeu du poulet qui rend fou ! Pour les press\u00e9s :&nbsp;Laissez-moi vous r\u00e9sumer la b\u00eate. Chicken Road, c\u2019est le dernier-n\u00e9 d\u2019Inout Games. Imaginez un poulet kamikaze dans un donjon, c\u2019est vous qui le guidez. Le concept est simple, mais l\u2019adr\u00e9naline est maximale. Avec un&nbsp;RTP de &#8230; <a title=\"\" class=\"read-more\" href=\"https:\/\/surfas-project.eu\/pl\/\" aria-label=\"Dowiedz si\u0119 wi\u0119cej o \">Czytaj dalej<\/a><\/p>","protected":false},"author":1,"featured_media":0,"parent":0,"menu_order":0,"comment_status":"closed","ping_status":"closed","template":"","meta":{"footnotes":""},"class_list":["post-9","page","type-page","status-publish"],"_links":{"self":[{"href":"https:\/\/surfas-project.eu\/pl\/wp-json\/wp\/v2\/pages\/9","targetHints":{"allow":["GET"]}}],"collection":[{"href":"https:\/\/surfas-project.eu\/pl\/wp-json\/wp\/v2\/pages"}],"about":[{"href":"https:\/\/surfas-project.eu\/pl\/wp-json\/wp\/v2\/types\/page"}],"author":[{"embeddable":true,"href":"https:\/\/surfas-project.eu\/pl\/wp-json\/wp\/v2\/users\/1"}],"replies":[{"embeddable":true,"href":"https:\/\/surfas-project.eu\/pl\/wp-json\/wp\/v2\/comments?post=9"}],"version-history":[{"count":6,"href":"https:\/\/surfas-project.eu\/pl\/wp-json\/wp\/v2\/pages\/9\/revisions"}],"predecessor-version":[{"id":33,"href":"https:\/\/surfas-project.eu\/pl\/wp-json\/wp\/v2\/pages\/9\/revisions\/33"}],"wp:attachment":[{"href":"https:\/\/surfas-project.eu\/pl\/wp-json\/wp\/v2\/media?parent=9"}],"curies":[{"name":"wp","href":"https:\/\/api.w.org\/{rel}","templated":true}]}}